{"id":5626,"date":"2024-06-20T15:09:20","date_gmt":"2024-06-20T13:09:20","guid":{"rendered":"https:\/\/eam-scientific.com\/?post_type=product&#038;p=5626"},"modified":"2024-06-28T10:16:09","modified_gmt":"2024-06-28T08:16:09","slug":"oeffnungszange-fuer-13-mm-aluminium-boerdelkappen-elektronisch-akkubetrieben","status":"publish","type":"product","link":"https:\/\/eam-scientific.com\/de\/produkt\/oeffnungszange-fuer-13-mm-aluminium-boerdelkappen-elektronisch-akkubetrieben\/","title":{"rendered":"\u00d6ffnungszange f\u00fcr 13 mm Aluminium B\u00f6rdelkappen, elektronisch, akkubetrieben"},"content":{"rendered":"<p>Elektronische \u00d6ffnungszange (akkubetrieben)f\u00fcr 13 mm Aluminium B\u00f6rdelkappen. Hinweis zur Lagerung von elektronischen Verschlie\u00df-\/\u00d6ffnungszangen &#8211; Temperatur 15\u00b0C-35\u00b0C, Luftfeuchtigkeit nicht mehr als 75%.<\/p>\n","protected":false},"excerpt":{"rendered":"<p>Elektronische \u00d6ffnungszange (akkubetrieben)f\u00fcr 13 mm Aluminium B\u00f6rdelkappen. Hinweis zur Lagerung von elektronischen Verschlie\u00df-\/\u00d6ffnungszangen &#8211; Temperatur 15\u00b0C-35\u00b0C, Luftfeuchtigkeit nicht mehr als 75%.<\/p>\n","protected":false},"featured_media":5657,"comment_status":"open","ping_status":"closed","template":"","meta":[],"product_cat":[25,38,46],"product_tag":[],"class_list":{"0":"post-5626","1":"product","2":"type-product","3":"status-publish","4":"has-post-thumbnail","6":"product_cat-chromatographie","7":"product_cat-flaschen-und-verschluesse","8":"product_cat-verschliess-und-oeffnungszangen","10":"first","11":"instock","12":"shipping-taxable","13":"product-type-simple"},"_links":{"self":[{"href":"https:\/\/eam-scientific.com\/de\/wp-json\/wp\/v2\/product\/5626","targetHints":{"allow":["GET"]}}],"collection":[{"href":"https:\/\/eam-scientific.com\/de\/wp-json\/wp\/v2\/product"}],"about":[{"href":"https:\/\/eam-scientific.com\/de\/wp-json\/wp\/v2\/types\/product"}],"replies":[{"embeddable":true,"href":"https:\/\/eam-scientific.com\/de\/wp-json\/wp\/v2\/comments?post=5626"}],"wp:featuredmedia":[{"embeddable":true,"href":"https:\/\/eam-scientific.com\/de\/wp-json\/wp\/v2\/media\/5657"}],"wp:attachment":[{"href":"https:\/\/eam-scientific.com\/de\/wp-json\/wp\/v2\/media?parent=5626"}],"wp:term":[{"taxonomy":"product_cat","embeddable":true,"href":"https:\/\/eam-scientific.com\/de\/wp-json\/wp\/v2\/product_cat?post=5626"},{"taxonomy":"product_tag","embeddable":true,"href":"https:\/\/eam-scientific.com\/de\/wp-json\/wp\/v2\/product_tag?post=5626"}],"curies":[{"name":"wp","href":"https:\/\/api.w.org\/{rel}","templated":true}]}}