{"id":5637,"date":"2024-06-20T15:09:42","date_gmt":"2024-06-20T13:09:42","guid":{"rendered":"https:\/\/eam-scientific.com\/?post_type=product&#038;p=5637"},"modified":"2024-06-28T10:16:13","modified_gmt":"2024-06-28T08:16:13","slug":"oeffnungskopf-fuer-13-mm-boerdelkappen-verwendbar-mit-ref-735700","status":"publish","type":"product","link":"https:\/\/eam-scientific.com\/de\/produkt\/oeffnungskopf-fuer-13-mm-boerdelkappen-verwendbar-mit-ref-735700\/","title":{"rendered":"\u00d6ffnungskopf f\u00fcr 13 mm B\u00f6rdelkappen, verwendbar mit REF 735700"},"content":{"rendered":"<p>Elektronische \u00d6ffnungszange (akkubetrieben) f\u00fcr 13 mm Aluminium B\u00f6rdelkappen. Hinweis zur Lagerung von elektronischen Verschlie\u00df-\/\u00d6ffnungszangen &#8211; Temperatur 15\u00b0C-35\u00b0C, Luftfeuchtigkeit nicht mehr als 75%.<\/p>\n","protected":false},"excerpt":{"rendered":"<p>Elektronische \u00d6ffnungszange (akkubetrieben) f\u00fcr 13 mm Aluminium B\u00f6rdelkappen. Hinweis zur Lagerung von elektronischen Verschlie\u00df-\/\u00d6ffnungszangen &#8211; Temperatur 15\u00b0C-35\u00b0C, Luftfeuchtigkeit nicht mehr als 75%.<\/p>\n","protected":false},"featured_media":5661,"comment_status":"open","ping_status":"closed","template":"","meta":[],"product_cat":[25,38,46],"product_tag":[],"class_list":{"0":"post-5637","1":"product","2":"type-product","3":"status-publish","4":"has-post-thumbnail","6":"product_cat-chromatographie","7":"product_cat-flaschen-und-verschluesse","8":"product_cat-verschliess-und-oeffnungszangen","10":"first","11":"instock","12":"shipping-taxable","13":"product-type-simple"},"_links":{"self":[{"href":"https:\/\/eam-scientific.com\/de\/wp-json\/wp\/v2\/product\/5637","targetHints":{"allow":["GET"]}}],"collection":[{"href":"https:\/\/eam-scientific.com\/de\/wp-json\/wp\/v2\/product"}],"about":[{"href":"https:\/\/eam-scientific.com\/de\/wp-json\/wp\/v2\/types\/product"}],"replies":[{"embeddable":true,"href":"https:\/\/eam-scientific.com\/de\/wp-json\/wp\/v2\/comments?post=5637"}],"wp:featuredmedia":[{"embeddable":true,"href":"https:\/\/eam-scientific.com\/de\/wp-json\/wp\/v2\/media\/5661"}],"wp:attachment":[{"href":"https:\/\/eam-scientific.com\/de\/wp-json\/wp\/v2\/media?parent=5637"}],"wp:term":[{"taxonomy":"product_cat","embeddable":true,"href":"https:\/\/eam-scientific.com\/de\/wp-json\/wp\/v2\/product_cat?post=5637"},{"taxonomy":"product_tag","embeddable":true,"href":"https:\/\/eam-scientific.com\/de\/wp-json\/wp\/v2\/product_tag?post=5637"}],"curies":[{"name":"wp","href":"https:\/\/api.w.org\/{rel}","templated":true}]}}