{"id":5649,"date":"2024-06-20T15:10:03","date_gmt":"2024-06-20T13:10:03","guid":{"rendered":"https:\/\/eam-scientific.com\/?post_type=product&#038;p=5649"},"modified":"2024-06-28T10:16:14","modified_gmt":"2024-06-28T08:16:14","slug":"verschliesszange-fuer-13-mm-aluminium-boerdelkappen-elektronisch-akkubetrieben","status":"publish","type":"product","link":"https:\/\/eam-scientific.com\/de\/produkt\/verschliesszange-fuer-13-mm-aluminium-boerdelkappen-elektronisch-akkubetrieben\/","title":{"rendered":"Verschlie\u00dfzange f\u00fcr 13 mm Aluminium B\u00f6rdelkappen, elektronisch, akkubetrieben"},"content":{"rendered":"<p>Elektronische Verschlie\u00dfzange (akkubetrieben) f\u00fcr 13 mm Aluminium B\u00f6rdelkappen. Hinweis zur Lagerung von elektronischen Verschlie\u00df-\/\u00d6ffnungszangen &#8211; Temperatur 15\u00b0C-35\u00b0C, Luftfeuchtigkeit nicht mehr als 75%.<\/p>\n","protected":false},"excerpt":{"rendered":"<p>Elektronische Verschlie\u00dfzange (akkubetrieben) f\u00fcr 13 mm Aluminium B\u00f6rdelkappen. Hinweis zur Lagerung von elektronischen Verschlie\u00df-\/\u00d6ffnungszangen &#8211; Temperatur 15\u00b0C-35\u00b0C, Luftfeuchtigkeit nicht mehr als 75%.<\/p>\n","protected":false},"featured_media":5666,"comment_status":"open","ping_status":"closed","template":"","meta":[],"product_cat":[25,38,46],"product_tag":[],"class_list":{"0":"post-5649","1":"product","2":"type-product","3":"status-publish","4":"has-post-thumbnail","6":"product_cat-chromatographie","7":"product_cat-flaschen-und-verschluesse","8":"product_cat-verschliess-und-oeffnungszangen","10":"first","11":"instock","12":"shipping-taxable","13":"product-type-simple"},"_links":{"self":[{"href":"https:\/\/eam-scientific.com\/de\/wp-json\/wp\/v2\/product\/5649","targetHints":{"allow":["GET"]}}],"collection":[{"href":"https:\/\/eam-scientific.com\/de\/wp-json\/wp\/v2\/product"}],"about":[{"href":"https:\/\/eam-scientific.com\/de\/wp-json\/wp\/v2\/types\/product"}],"replies":[{"embeddable":true,"href":"https:\/\/eam-scientific.com\/de\/wp-json\/wp\/v2\/comments?post=5649"}],"wp:featuredmedia":[{"embeddable":true,"href":"https:\/\/eam-scientific.com\/de\/wp-json\/wp\/v2\/media\/5666"}],"wp:attachment":[{"href":"https:\/\/eam-scientific.com\/de\/wp-json\/wp\/v2\/media?parent=5649"}],"wp:term":[{"taxonomy":"product_cat","embeddable":true,"href":"https:\/\/eam-scientific.com\/de\/wp-json\/wp\/v2\/product_cat?post=5649"},{"taxonomy":"product_tag","embeddable":true,"href":"https:\/\/eam-scientific.com\/de\/wp-json\/wp\/v2\/product_tag?post=5649"}],"curies":[{"name":"wp","href":"https:\/\/api.w.org\/{rel}","templated":true}]}}