{"id":5650,"date":"2024-06-20T15:10:03","date_gmt":"2024-06-20T13:10:03","guid":{"rendered":"https:\/\/eam-scientific.com\/?post_type=product&#038;p=5650"},"modified":"2024-06-28T10:16:14","modified_gmt":"2024-06-28T08:16:14","slug":"verschliesskopf-fuer-13-mm-boerdelkappen-verwendbar-mit-ref-735700","status":"publish","type":"product","link":"https:\/\/eam-scientific.com\/de\/produkt\/verschliesskopf-fuer-13-mm-boerdelkappen-verwendbar-mit-ref-735700\/","title":{"rendered":"Verschlie\u00dfkopf f\u00fcr 13 mm B\u00f6rdelkappen, verwendbar mit REF 735700"},"content":{"rendered":"<p>Zubeh\u00f6r f\u00fcr elektronisches Hochleistungsb\u00f6rdelger\u00e4t. Verschlie\u00dfkopf f\u00fcr 13 mm B\u00f6rdelkappen f\u00fcr das elektronische Hochleistungsb\u00f6rdelger\u00e4t 735700. Hinweis zur Lagerung von elektronischen Verschlie\u00df-\/\u00d6ffnungszangen &#8211; Temperatur 15\u00b0C-35\u00b0C, Luftfeuchtigkeit nicht mehr als 75%.<\/p>\n","protected":false},"excerpt":{"rendered":"<p>Zubeh\u00f6r f\u00fcr elektronisches Hochleistungsb\u00f6rdelger\u00e4t. Verschlie\u00dfkopf f\u00fcr 13 mm B\u00f6rdelkappen f\u00fcr das elektronische Hochleistungsb\u00f6rdelger\u00e4t 735700. Hinweis zur Lagerung von elektronischen Verschlie\u00df-\/\u00d6ffnungszangen &#8211; Temperatur 15\u00b0C-35\u00b0C, Luftfeuchtigkeit nicht mehr als 75%.<\/p>\n","protected":false},"featured_media":5679,"comment_status":"open","ping_status":"closed","template":"","meta":[],"product_cat":[25,38,46],"product_tag":[],"class_list":{"0":"post-5650","1":"product","2":"type-product","3":"status-publish","4":"has-post-thumbnail","6":"product_cat-chromatographie","7":"product_cat-flaschen-und-verschluesse","8":"product_cat-verschliess-und-oeffnungszangen","10":"first","11":"instock","12":"shipping-taxable","13":"product-type-simple"},"_links":{"self":[{"href":"https:\/\/eam-scientific.com\/de\/wp-json\/wp\/v2\/product\/5650","targetHints":{"allow":["GET"]}}],"collection":[{"href":"https:\/\/eam-scientific.com\/de\/wp-json\/wp\/v2\/product"}],"about":[{"href":"https:\/\/eam-scientific.com\/de\/wp-json\/wp\/v2\/types\/product"}],"replies":[{"embeddable":true,"href":"https:\/\/eam-scientific.com\/de\/wp-json\/wp\/v2\/comments?post=5650"}],"wp:featuredmedia":[{"embeddable":true,"href":"https:\/\/eam-scientific.com\/de\/wp-json\/wp\/v2\/media\/5679"}],"wp:attachment":[{"href":"https:\/\/eam-scientific.com\/de\/wp-json\/wp\/v2\/media?parent=5650"}],"wp:term":[{"taxonomy":"product_cat","embeddable":true,"href":"https:\/\/eam-scientific.com\/de\/wp-json\/wp\/v2\/product_cat?post=5650"},{"taxonomy":"product_tag","embeddable":true,"href":"https:\/\/eam-scientific.com\/de\/wp-json\/wp\/v2\/product_tag?post=5650"}],"curies":[{"name":"wp","href":"https:\/\/api.w.org\/{rel}","templated":true}]}}