{"id":5668,"date":"2024-06-20T15:10:24","date_gmt":"2024-06-20T13:10:24","guid":{"rendered":"https:\/\/eam-scientific.com\/?post_type=product&#038;p=5668"},"modified":"2024-06-28T10:16:14","modified_gmt":"2024-06-28T08:16:14","slug":"stativ-fuer-akkubetriebene-elektr-boerdelzangen-das-hochleistungsboerdelgeraet","status":"publish","type":"product","link":"https:\/\/eam-scientific.com\/de\/produkt\/stativ-fuer-akkubetriebene-elektr-boerdelzangen-das-hochleistungsboerdelgeraet\/","title":{"rendered":"Stativ f\u00fcr akkubetriebene elektr. B\u00f6rdelzangen + das Hochleistungsb\u00f6rdelger\u00e4t"},"content":{"rendered":"<p>H\u00f6henverstellbares Stativ f\u00fcr akkubetriebene B\u00f6rdelwerkzeuge und das elektronische Hochleistungsb\u00f6rdelger\u00e4t.<\/p>\n","protected":false},"excerpt":{"rendered":"<p>H\u00f6henverstellbares Stativ f\u00fcr akkubetriebene B\u00f6rdelwerkzeuge und das elektronische Hochleistungsb\u00f6rdelger\u00e4t.<\/p>\n","protected":false},"featured_media":5685,"comment_status":"open","ping_status":"closed","template":"","meta":[],"product_cat":[25,38,46],"product_tag":[],"class_list":{"0":"post-5668","1":"product","2":"type-product","3":"status-publish","4":"has-post-thumbnail","6":"product_cat-chromatographie","7":"product_cat-flaschen-und-verschluesse","8":"product_cat-verschliess-und-oeffnungszangen","10":"first","11":"instock","12":"shipping-taxable","13":"product-type-simple"},"_links":{"self":[{"href":"https:\/\/eam-scientific.com\/de\/wp-json\/wp\/v2\/product\/5668","targetHints":{"allow":["GET"]}}],"collection":[{"href":"https:\/\/eam-scientific.com\/de\/wp-json\/wp\/v2\/product"}],"about":[{"href":"https:\/\/eam-scientific.com\/de\/wp-json\/wp\/v2\/types\/product"}],"replies":[{"embeddable":true,"href":"https:\/\/eam-scientific.com\/de\/wp-json\/wp\/v2\/comments?post=5668"}],"wp:featuredmedia":[{"embeddable":true,"href":"https:\/\/eam-scientific.com\/de\/wp-json\/wp\/v2\/media\/5685"}],"wp:attachment":[{"href":"https:\/\/eam-scientific.com\/de\/wp-json\/wp\/v2\/media?parent=5668"}],"wp:term":[{"taxonomy":"product_cat","embeddable":true,"href":"https:\/\/eam-scientific.com\/de\/wp-json\/wp\/v2\/product_cat?post=5668"},{"taxonomy":"product_tag","embeddable":true,"href":"https:\/\/eam-scientific.com\/de\/wp-json\/wp\/v2\/product_tag?post=5668"}],"curies":[{"name":"wp","href":"https:\/\/api.w.org\/{rel}","templated":true}]}}