{"id":5693,"date":"2024-06-20T15:10:46","date_gmt":"2024-06-20T13:10:46","guid":{"rendered":"https:\/\/eam-scientific.com\/?post_type=product&#038;p=5693"},"modified":"2024-06-28T10:16:14","modified_gmt":"2024-06-28T08:16:14","slug":"rack-fuer-zwei-ergonomische-oder-elektronische-verschliesszangen","status":"publish","type":"product","link":"https:\/\/eam-scientific.com\/de\/produkt\/rack-fuer-zwei-ergonomische-oder-elektronische-verschliesszangen\/","title":{"rendered":"Rack f\u00fcr zwei ergonomische oder elektronische Verschlie\u00dfzangen"},"content":{"rendered":"<p>Sichere Aufbewahrung von ergonomischen beziehungsweise von elektronischen B\u00f6rdelwerkzeugen in einem Schaumstoffst\u00e4nder mit guter chemischer Resistenz. Die B\u00f6rdelwerkzeuge k\u00f6nnen darin ordentlich und gut gesch\u00fctzt verstaut werden. Mit ihrer stehenden Position im Rack sind sie jederzeit griffbereit f\u00fcr die n\u00e4chste Nutzung und die Arbeitsfl\u00e4che Ihres Labortisches ist frei von umherliegenden Ger\u00e4tschaften.<\/p>\n","protected":false},"excerpt":{"rendered":"<p>Sichere Aufbewahrung von ergonomischen beziehungsweise von elektronischen B\u00f6rdelwerkzeugen in einem Schaumstoffst\u00e4nder mit guter chemischer Resistenz. Die B\u00f6rdelwerkzeuge k\u00f6nnen darin ordentlich und gut gesch\u00fctzt verstaut werden. Mit ihrer stehenden Position im Rack sind sie jederzeit griffbereit f\u00fcr die n\u00e4chste Nutzung und die Arbeitsfl\u00e4che Ihres Labortisches ist frei von umherliegenden Ger\u00e4tschaften.<\/p>\n","protected":false},"featured_media":5710,"comment_status":"open","ping_status":"closed","template":"","meta":[],"product_cat":[25,38,46],"product_tag":[],"class_list":{"0":"post-5693","1":"product","2":"type-product","3":"status-publish","4":"has-post-thumbnail","6":"product_cat-chromatographie","7":"product_cat-flaschen-und-verschluesse","8":"product_cat-verschliess-und-oeffnungszangen","10":"first","11":"instock","12":"shipping-taxable","13":"product-type-simple"},"_links":{"self":[{"href":"https:\/\/eam-scientific.com\/de\/wp-json\/wp\/v2\/product\/5693","targetHints":{"allow":["GET"]}}],"collection":[{"href":"https:\/\/eam-scientific.com\/de\/wp-json\/wp\/v2\/product"}],"about":[{"href":"https:\/\/eam-scientific.com\/de\/wp-json\/wp\/v2\/types\/product"}],"replies":[{"embeddable":true,"href":"https:\/\/eam-scientific.com\/de\/wp-json\/wp\/v2\/comments?post=5693"}],"wp:featuredmedia":[{"embeddable":true,"href":"https:\/\/eam-scientific.com\/de\/wp-json\/wp\/v2\/media\/5710"}],"wp:attachment":[{"href":"https:\/\/eam-scientific.com\/de\/wp-json\/wp\/v2\/media?parent=5693"}],"wp:term":[{"taxonomy":"product_cat","embeddable":true,"href":"https:\/\/eam-scientific.com\/de\/wp-json\/wp\/v2\/product_cat?post=5693"},{"taxonomy":"product_tag","embeddable":true,"href":"https:\/\/eam-scientific.com\/de\/wp-json\/wp\/v2\/product_tag?post=5693"}],"curies":[{"name":"wp","href":"https:\/\/api.w.org\/{rel}","templated":true}]}}