{"id":5695,"date":"2024-06-20T15:10:46","date_gmt":"2024-06-20T13:10:46","guid":{"rendered":"https:\/\/eam-scientific.com\/?post_type=product&#038;p=5695"},"modified":"2024-06-28T10:16:14","modified_gmt":"2024-06-28T08:16:14","slug":"verschliesszange-fuer-11-mm-aluminium-boerdelkappen-manuell-ergonomisch","status":"publish","type":"product","link":"https:\/\/eam-scientific.com\/de\/produkt\/verschliesszange-fuer-11-mm-aluminium-boerdelkappen-manuell-ergonomisch\/","title":{"rendered":"Verschlie\u00dfzange f\u00fcr 11 mm Aluminium B\u00f6rdelkappen, manuell, ergonomisch"},"content":{"rendered":"<p>Manuelle ergonomische Verschlie\u00dfzange f\u00fcr 11 mm Aluminium B\u00f6rdelkappen. <\/p>\n","protected":false},"excerpt":{"rendered":"<p>Manuelle ergonomische Verschlie\u00dfzange f\u00fcr 11 mm Aluminium B\u00f6rdelkappen.<\/p>\n","protected":false},"featured_media":5712,"comment_status":"open","ping_status":"closed","template":"","meta":[],"product_cat":[25,38,46],"product_tag":[],"class_list":{"0":"post-5695","1":"product","2":"type-product","3":"status-publish","4":"has-post-thumbnail","6":"product_cat-chromatographie","7":"product_cat-flaschen-und-verschluesse","8":"product_cat-verschliess-und-oeffnungszangen","10":"first","11":"instock","12":"shipping-taxable","13":"product-type-simple"},"_links":{"self":[{"href":"https:\/\/eam-scientific.com\/de\/wp-json\/wp\/v2\/product\/5695","targetHints":{"allow":["GET"]}}],"collection":[{"href":"https:\/\/eam-scientific.com\/de\/wp-json\/wp\/v2\/product"}],"about":[{"href":"https:\/\/eam-scientific.com\/de\/wp-json\/wp\/v2\/types\/product"}],"replies":[{"embeddable":true,"href":"https:\/\/eam-scientific.com\/de\/wp-json\/wp\/v2\/comments?post=5695"}],"wp:featuredmedia":[{"embeddable":true,"href":"https:\/\/eam-scientific.com\/de\/wp-json\/wp\/v2\/media\/5712"}],"wp:attachment":[{"href":"https:\/\/eam-scientific.com\/de\/wp-json\/wp\/v2\/media?parent=5695"}],"wp:term":[{"taxonomy":"product_cat","embeddable":true,"href":"https:\/\/eam-scientific.com\/de\/wp-json\/wp\/v2\/product_cat?post=5695"},{"taxonomy":"product_tag","embeddable":true,"href":"https:\/\/eam-scientific.com\/de\/wp-json\/wp\/v2\/product_tag?post=5695"}],"curies":[{"name":"wp","href":"https:\/\/api.w.org\/{rel}","templated":true}]}}