{"id":5703,"date":"2024-06-20T15:10:47","date_gmt":"2024-06-20T13:10:47","guid":{"rendered":"https:\/\/eam-scientific.com\/?post_type=product&#038;p=5703"},"modified":"2024-06-28T10:16:15","modified_gmt":"2024-06-28T08:16:15","slug":"chromabond-flash-rs-15-c18-ec-kartuschen-15-40-%c2%b5m-164-g","status":"publish","type":"product","link":"https:\/\/eam-scientific.com\/de\/produkt\/chromabond-flash-rs-15-c18-ec-kartuschen-15-40-%c2%b5m-164-g\/","title":{"rendered":"CHROMABOND Flash RS 15 C18 ec Kartuschen, 15\u201340 \u00b5m, 16,4 g"},"content":{"rendered":"<p>C\u2081\u2088 ec modifiziertes Kieselgel wird zur Reinigung von sehr hydrophilen Verbindungen verwendet, die irreversibel zur\u00fcckgehalten werden oder mit unmodifiziertem Kieselgel reagieren oder f\u00fcr hochhydrophob Verbindungen, die keine Retention aufweisen. Hier werden in der Regel w\u00e4ssrig-organische mobile Phasen verwendet. Somit bieten Reversed Phasen den Chemikern gro\u00dfe M\u00f6glichkeiten f\u00fcr die Reinigung einer Vielzahl von Stoffgemischen.<\/p>\n","protected":false},"excerpt":{"rendered":"<p>C\u2081\u2088 ec modifiziertes Kieselgel wird zur Reinigung von sehr hydrophilen Verbindungen verwendet, die irreversibel zur\u00fcckgehalten werden oder mit unmodifiziertem Kieselgel reagieren oder f\u00fcr hochhydrophob Verbindungen, die keine Retention aufweisen. Hier werden in der Regel w\u00e4ssrig-organische mobile Phasen verwendet. Somit bieten Reversed Phasen den Chemikern gro\u00dfe M\u00f6glichkeiten f\u00fcr die Reinigung einer Vielzahl von Stoffgemischen.<\/p>\n","protected":false},"featured_media":5731,"comment_status":"open","ping_status":"closed","template":"","meta":[],"product_cat":[25,47,48],"product_tag":[],"class_list":{"0":"post-5703","1":"product","2":"type-product","3":"status-publish","4":"has-post-thumbnail","6":"product_cat-chromatographie","7":"product_cat-flash-chromatographie-lc-sorbentien","8":"product_cat-flash-kartuschen","10":"first","11":"instock","12":"shipping-taxable","13":"product-type-simple"},"_links":{"self":[{"href":"https:\/\/eam-scientific.com\/de\/wp-json\/wp\/v2\/product\/5703","targetHints":{"allow":["GET"]}}],"collection":[{"href":"https:\/\/eam-scientific.com\/de\/wp-json\/wp\/v2\/product"}],"about":[{"href":"https:\/\/eam-scientific.com\/de\/wp-json\/wp\/v2\/types\/product"}],"replies":[{"embeddable":true,"href":"https:\/\/eam-scientific.com\/de\/wp-json\/wp\/v2\/comments?post=5703"}],"wp:featuredmedia":[{"embeddable":true,"href":"https:\/\/eam-scientific.com\/de\/wp-json\/wp\/v2\/media\/5731"}],"wp:attachment":[{"href":"https:\/\/eam-scientific.com\/de\/wp-json\/wp\/v2\/media?parent=5703"}],"wp:term":[{"taxonomy":"product_cat","embeddable":true,"href":"https:\/\/eam-scientific.com\/de\/wp-json\/wp\/v2\/product_cat?post=5703"},{"taxonomy":"product_tag","embeddable":true,"href":"https:\/\/eam-scientific.com\/de\/wp-json\/wp\/v2\/product_tag?post=5703"}],"curies":[{"name":"wp","href":"https:\/\/api.w.org\/{rel}","templated":true}]}}