{"id":5750,"date":"2024-06-20T15:11:29","date_gmt":"2024-06-20T13:11:29","guid":{"rendered":"https:\/\/eam-scientific.com\/?post_type=product&#038;p=5750"},"modified":"2024-06-28T10:16:16","modified_gmt":"2024-06-28T08:16:16","slug":"chromabond-flash-rs-120-sphere-sioh-kartuschen-sphaerisch25-%c2%b5m-120-g","status":"publish","type":"product","link":"https:\/\/eam-scientific.com\/de\/produkt\/chromabond-flash-rs-120-sphere-sioh-kartuschen-sphaerisch25-%c2%b5m-120-g\/","title":{"rendered":"CHROMABOND Flash RS 120 SPHERE SiOH Kartuschen, sph\u00e4risch,25 \u00b5m, 120 g"},"content":{"rendered":"<p>CHROMABOND Flash RS SPHERE SiOH f\u00fcr verbesserte Flash Perfomance. Die spezifische Oberfl\u00e4che ist 40 % h\u00f6her als bei herk\u00f6mmlichen Kieselgelen, was eine h\u00f6here Probenbeladung erm\u00f6glicht (kleinere Kartuschen k\u00f6nnen verwendet werden). Kleinere Kartuschen ben\u00f6tigen weniger L\u00f6semittel und erm\u00f6glichen schnellere Trennungen. Sph\u00e4rische Partikel f\u00fcr bessere Ergebnisse.<\/p>\n","protected":false},"excerpt":{"rendered":"<p>CHROMABOND Flash RS SPHERE SiOH f\u00fcr verbesserte Flash Perfomance. Die spezifische Oberfl\u00e4che ist 40 % h\u00f6her als bei herk\u00f6mmlichen Kieselgelen, was eine h\u00f6here Probenbeladung erm\u00f6glicht (kleinere Kartuschen k\u00f6nnen verwendet werden). Kleinere Kartuschen ben\u00f6tigen weniger L\u00f6semittel und erm\u00f6glichen schnellere Trennungen. Sph\u00e4rische Partikel f\u00fcr bessere Ergebnisse.<\/p>\n","protected":false},"featured_media":5778,"comment_status":"open","ping_status":"closed","template":"","meta":[],"product_cat":[25,47,48],"product_tag":[],"class_list":{"0":"post-5750","1":"product","2":"type-product","3":"status-publish","4":"has-post-thumbnail","6":"product_cat-chromatographie","7":"product_cat-flash-chromatographie-lc-sorbentien","8":"product_cat-flash-kartuschen","10":"first","11":"instock","12":"shipping-taxable","13":"product-type-simple"},"_links":{"self":[{"href":"https:\/\/eam-scientific.com\/de\/wp-json\/wp\/v2\/product\/5750","targetHints":{"allow":["GET"]}}],"collection":[{"href":"https:\/\/eam-scientific.com\/de\/wp-json\/wp\/v2\/product"}],"about":[{"href":"https:\/\/eam-scientific.com\/de\/wp-json\/wp\/v2\/types\/product"}],"replies":[{"embeddable":true,"href":"https:\/\/eam-scientific.com\/de\/wp-json\/wp\/v2\/comments?post=5750"}],"wp:featuredmedia":[{"embeddable":true,"href":"https:\/\/eam-scientific.com\/de\/wp-json\/wp\/v2\/media\/5778"}],"wp:attachment":[{"href":"https:\/\/eam-scientific.com\/de\/wp-json\/wp\/v2\/media?parent=5750"}],"wp:term":[{"taxonomy":"product_cat","embeddable":true,"href":"https:\/\/eam-scientific.com\/de\/wp-json\/wp\/v2\/product_cat?post=5750"},{"taxonomy":"product_tag","embeddable":true,"href":"https:\/\/eam-scientific.com\/de\/wp-json\/wp\/v2\/product_tag?post=5750"}],"curies":[{"name":"wp","href":"https:\/\/api.w.org\/{rel}","templated":true}]}}