{"id":5801,"date":"2024-06-20T15:12:12","date_gmt":"2024-06-20T13:12:12","guid":{"rendered":"https:\/\/eam-scientific.com\/?post_type=product&#038;p=5801"},"modified":"2024-06-28T10:16:18","modified_gmt":"2024-06-28T08:16:18","slug":"chromabond-flash-bt-15-sioh-kartuschen-40-63-%c2%b5m-15-g","status":"publish","type":"product","link":"https:\/\/eam-scientific.com\/de\/produkt\/chromabond-flash-bt-15-sioh-kartuschen-40-63-%c2%b5m-15-g\/","title":{"rendered":"CHROMABOND Flash BT 15 SiOH Kartuschen, 40\u201363 \u00b5m, 15 g"},"content":{"rendered":"<p>Einsatzbereite Flash-Kartuschen f\u00fcr Biotage Isolera Systeme oder als eigenst\u00e4ndige Version f\u00fcr alle Pumpe\/Detektor-Kombinationen, z.B. von B\u00fcchi. Der Verschluss der CHROMABOND Flash BT Kartuschen kann wieder entfernt werden und die Probe kann direkt auf die Kartuschen aufgetragen werden.<\/p>\n","protected":false},"excerpt":{"rendered":"<p>Einsatzbereite Flash-Kartuschen f\u00fcr Biotage Isolera Systeme oder als eigenst\u00e4ndige Version f\u00fcr alle Pumpe\/Detektor-Kombinationen, z.B. von B\u00fcchi. Der Verschluss der CHROMABOND Flash BT Kartuschen kann wieder entfernt werden und die Probe kann direkt auf die Kartuschen aufgetragen werden.<\/p>\n","protected":false},"featured_media":5830,"comment_status":"open","ping_status":"closed","template":"","meta":[],"product_cat":[25,47,48],"product_tag":[],"class_list":{"0":"post-5801","1":"product","2":"type-product","3":"status-publish","4":"has-post-thumbnail","6":"product_cat-chromatographie","7":"product_cat-flash-chromatographie-lc-sorbentien","8":"product_cat-flash-kartuschen","10":"first","11":"instock","12":"shipping-taxable","13":"product-type-simple"},"_links":{"self":[{"href":"https:\/\/eam-scientific.com\/de\/wp-json\/wp\/v2\/product\/5801","targetHints":{"allow":["GET"]}}],"collection":[{"href":"https:\/\/eam-scientific.com\/de\/wp-json\/wp\/v2\/product"}],"about":[{"href":"https:\/\/eam-scientific.com\/de\/wp-json\/wp\/v2\/types\/product"}],"replies":[{"embeddable":true,"href":"https:\/\/eam-scientific.com\/de\/wp-json\/wp\/v2\/comments?post=5801"}],"wp:featuredmedia":[{"embeddable":true,"href":"https:\/\/eam-scientific.com\/de\/wp-json\/wp\/v2\/media\/5830"}],"wp:attachment":[{"href":"https:\/\/eam-scientific.com\/de\/wp-json\/wp\/v2\/media?parent=5801"}],"wp:term":[{"taxonomy":"product_cat","embeddable":true,"href":"https:\/\/eam-scientific.com\/de\/wp-json\/wp\/v2\/product_cat?post=5801"},{"taxonomy":"product_tag","embeddable":true,"href":"https:\/\/eam-scientific.com\/de\/wp-json\/wp\/v2\/product_tag?post=5801"}],"curies":[{"name":"wp","href":"https:\/\/api.w.org\/{rel}","templated":true}]}}