{"id":5836,"date":"2024-06-20T15:12:56","date_gmt":"2024-06-20T13:12:56","guid":{"rendered":"https:\/\/eam-scientific.com\/?post_type=product&#038;p=5836"},"modified":"2024-06-28T10:16:19","modified_gmt":"2024-06-28T08:16:19","slug":"chromabond-flash-rs-25-sioh-kartuschen-40-63-%c2%b5m-25-g","status":"publish","type":"product","link":"https:\/\/eam-scientific.com\/de\/produkt\/chromabond-flash-rs-25-sioh-kartuschen-40-63-%c2%b5m-25-g\/","title":{"rendered":"CHROMABOND Flash RS 25 SiOH Kartuschen, 40\u201363 \u00b5m, 25 g"},"content":{"rendered":"<p>CHROMABOND Flash RS SiOH sind bekannt f\u00fcr schnelle und wirtschaftliche chromatographische Reinigungen in der Industrie. Die gebrauchsfertigen Flash-S\u00e4ulen (Kartuschen) sind mit hochreinem Kieselgel (s\u00e4uregewaschen) gef\u00fcllt.<\/p>\n","protected":false},"excerpt":{"rendered":"<p>CHROMABOND Flash RS SiOH sind bekannt f\u00fcr schnelle und wirtschaftliche chromatographische Reinigungen in der Industrie. Die gebrauchsfertigen Flash-S\u00e4ulen (Kartuschen) sind mit hochreinem Kieselgel (s\u00e4uregewaschen) gef\u00fcllt.<\/p>\n","protected":false},"featured_media":5853,"comment_status":"open","ping_status":"closed","template":"","meta":[],"product_cat":[25,47,48],"product_tag":[],"class_list":{"0":"post-5836","1":"product","2":"type-product","3":"status-publish","4":"has-post-thumbnail","6":"product_cat-chromatographie","7":"product_cat-flash-chromatographie-lc-sorbentien","8":"product_cat-flash-kartuschen","10":"first","11":"instock","12":"shipping-taxable","13":"product-type-simple"},"_links":{"self":[{"href":"https:\/\/eam-scientific.com\/de\/wp-json\/wp\/v2\/product\/5836","targetHints":{"allow":["GET"]}}],"collection":[{"href":"https:\/\/eam-scientific.com\/de\/wp-json\/wp\/v2\/product"}],"about":[{"href":"https:\/\/eam-scientific.com\/de\/wp-json\/wp\/v2\/types\/product"}],"replies":[{"embeddable":true,"href":"https:\/\/eam-scientific.com\/de\/wp-json\/wp\/v2\/comments?post=5836"}],"wp:featuredmedia":[{"embeddable":true,"href":"https:\/\/eam-scientific.com\/de\/wp-json\/wp\/v2\/media\/5853"}],"wp:attachment":[{"href":"https:\/\/eam-scientific.com\/de\/wp-json\/wp\/v2\/media?parent=5836"}],"wp:term":[{"taxonomy":"product_cat","embeddable":true,"href":"https:\/\/eam-scientific.com\/de\/wp-json\/wp\/v2\/product_cat?post=5836"},{"taxonomy":"product_tag","embeddable":true,"href":"https:\/\/eam-scientific.com\/de\/wp-json\/wp\/v2\/product_tag?post=5836"}],"curies":[{"name":"wp","href":"https:\/\/api.w.org\/{rel}","templated":true}]}}