{"id":5867,"date":"2024-06-20T15:13:17","date_gmt":"2024-06-20T13:13:17","guid":{"rendered":"https:\/\/eam-scientific.com\/?post_type=product&#038;p=5867"},"modified":"2024-06-28T10:17:01","modified_gmt":"2024-06-28T08:17:01","slug":"lc-packungsmaterial-sorbentien-bulk-kieselgel-polygosil-60-10","status":"publish","type":"product","link":"https:\/\/eam-scientific.com\/de\/produkt\/lc-packungsmaterial-sorbentien-bulk-kieselgel-polygosil-60-10\/","title":{"rendered":"LC, Packungsmaterial (Sorbentien, Bulk), Kieselgel, POLYGOSIL 60-10"},"content":{"rendered":"<p>Gebrochene Kieselgelphase f\u00fcr die Fl\u00fcssigkeitschromatographie (LC, HPLC), unmodifiziertes Kieselgel (SiOH) f\u00fcr Normalphasen Anwendungen.<\/p>\n","protected":false},"excerpt":{"rendered":"<p>Gebrochene Kieselgelphase f\u00fcr die Fl\u00fcssigkeitschromatographie (LC, HPLC), unmodifiziertes Kieselgel (SiOH) f\u00fcr Normalphasen Anwendungen.<\/p>\n","protected":false},"featured_media":15849,"comment_status":"open","ping_status":"closed","template":"","meta":[],"product_cat":[25,49,47],"product_tag":[],"class_list":{"0":"post-5867","1":"product","2":"type-product","3":"status-publish","4":"has-post-thumbnail","6":"product_cat-chromatographie","7":"product_cat-flash-und-lc-sorbentien","8":"product_cat-flash-chromatographie-lc-sorbentien","10":"first","11":"instock","12":"shipping-taxable","13":"product-type-simple"},"_links":{"self":[{"href":"https:\/\/eam-scientific.com\/de\/wp-json\/wp\/v2\/product\/5867","targetHints":{"allow":["GET"]}}],"collection":[{"href":"https:\/\/eam-scientific.com\/de\/wp-json\/wp\/v2\/product"}],"about":[{"href":"https:\/\/eam-scientific.com\/de\/wp-json\/wp\/v2\/types\/product"}],"replies":[{"embeddable":true,"href":"https:\/\/eam-scientific.com\/de\/wp-json\/wp\/v2\/comments?post=5867"}],"wp:featuredmedia":[{"embeddable":true,"href":"https:\/\/eam-scientific.com\/de\/wp-json\/wp\/v2\/media\/15849"}],"wp:attachment":[{"href":"https:\/\/eam-scientific.com\/de\/wp-json\/wp\/v2\/media?parent=5867"}],"wp:term":[{"taxonomy":"product_cat","embeddable":true,"href":"https:\/\/eam-scientific.com\/de\/wp-json\/wp\/v2\/product_cat?post=5867"},{"taxonomy":"product_tag","embeddable":true,"href":"https:\/\/eam-scientific.com\/de\/wp-json\/wp\/v2\/product_tag?post=5867"}],"curies":[{"name":"wp","href":"https:\/\/api.w.org\/{rel}","templated":true}]}}