{"id":5971,"date":"2024-06-20T15:15:53","date_gmt":"2024-06-20T13:15:53","guid":{"rendered":"https:\/\/eam-scientific.com\/?post_type=product&#038;p=5971"},"modified":"2024-06-28T10:19:23","modified_gmt":"2024-06-28T08:19:23","slug":"lc-packungsmaterial-sorbentien-bulk-polyamid-01-03-mm","status":"publish","type":"product","link":"https:\/\/eam-scientific.com\/de\/produkt\/lc-packungsmaterial-sorbentien-bulk-polyamid-01-03-mm\/","title":{"rendered":"LC, Packungsmaterial (Sorbentien, Bulk), Polyamid, 0,1\u20130,3 mm"},"content":{"rendered":"<p>Polyamid (Polyamid 6, \u03b5-polycaprolactam) Sorbens f\u00fcr die S\u00e4ulenchromatographie. Trennmechanismus beruht haupts\u00e4chlich auf Wasserstoffbr\u00fccken.<\/p>\n","protected":false},"excerpt":{"rendered":"<p>Polyamid (Polyamid 6, \u03b5-polycaprolactam) Sorbens f\u00fcr die S\u00e4ulenchromatographie. Trennmechanismus beruht haupts\u00e4chlich auf Wasserstoffbr\u00fccken.<\/p>\n","protected":false},"featured_media":16026,"comment_status":"open","ping_status":"closed","template":"","meta":[],"product_cat":[25,49,47],"product_tag":[],"class_list":{"0":"post-5971","1":"product","2":"type-product","3":"status-publish","4":"has-post-thumbnail","6":"product_cat-chromatographie","7":"product_cat-flash-und-lc-sorbentien","8":"product_cat-flash-chromatographie-lc-sorbentien","10":"first","11":"instock","12":"shipping-taxable","13":"product-type-simple"},"_links":{"self":[{"href":"https:\/\/eam-scientific.com\/de\/wp-json\/wp\/v2\/product\/5971","targetHints":{"allow":["GET"]}}],"collection":[{"href":"https:\/\/eam-scientific.com\/de\/wp-json\/wp\/v2\/product"}],"about":[{"href":"https:\/\/eam-scientific.com\/de\/wp-json\/wp\/v2\/types\/product"}],"replies":[{"embeddable":true,"href":"https:\/\/eam-scientific.com\/de\/wp-json\/wp\/v2\/comments?post=5971"}],"wp:featuredmedia":[{"embeddable":true,"href":"https:\/\/eam-scientific.com\/de\/wp-json\/wp\/v2\/media\/16026"}],"wp:attachment":[{"href":"https:\/\/eam-scientific.com\/de\/wp-json\/wp\/v2\/media?parent=5971"}],"wp:term":[{"taxonomy":"product_cat","embeddable":true,"href":"https:\/\/eam-scientific.com\/de\/wp-json\/wp\/v2\/product_cat?post=5971"},{"taxonomy":"product_tag","embeddable":true,"href":"https:\/\/eam-scientific.com\/de\/wp-json\/wp\/v2\/product_tag?post=5971"}],"curies":[{"name":"wp","href":"https:\/\/api.w.org\/{rel}","templated":true}]}}