{"id":5973,"date":"2024-06-20T15:15:53","date_gmt":"2024-06-20T13:15:53","guid":{"rendered":"https:\/\/eam-scientific.com\/?post_type=product&#038;p=5973"},"modified":"2024-06-28T10:19:38","modified_gmt":"2024-06-28T08:19:38","slug":"lc-packungsmaterial-sorbentien-bulk-polyamid-005-016-mm","status":"publish","type":"product","link":"https:\/\/eam-scientific.com\/de\/produkt\/lc-packungsmaterial-sorbentien-bulk-polyamid-005-016-mm\/","title":{"rendered":"LC, Packungsmaterial (Sorbentien, Bulk), Polyamid, 0,05\u20130,16 mm"},"content":{"rendered":"<p>Polyamid (Polyamid 6, \u03b5-polycaprolactam) Sorbens f\u00fcr die S\u00e4ulenchromatographie. Trennmechanismus beruht haupts\u00e4chlich auf Wasserstoffbr\u00fccken.<\/p>\n","protected":false},"excerpt":{"rendered":"<p>Polyamid (Polyamid 6, \u03b5-polycaprolactam) Sorbens f\u00fcr die S\u00e4ulenchromatographie. Trennmechanismus beruht haupts\u00e4chlich auf Wasserstoffbr\u00fccken.<\/p>\n","protected":false},"featured_media":16047,"comment_status":"open","ping_status":"closed","template":"","meta":[],"product_cat":[25,49,47],"product_tag":[],"class_list":{"0":"post-5973","1":"product","2":"type-product","3":"status-publish","4":"has-post-thumbnail","6":"product_cat-chromatographie","7":"product_cat-flash-und-lc-sorbentien","8":"product_cat-flash-chromatographie-lc-sorbentien","10":"first","11":"instock","12":"shipping-taxable","13":"product-type-simple"},"_links":{"self":[{"href":"https:\/\/eam-scientific.com\/de\/wp-json\/wp\/v2\/product\/5973","targetHints":{"allow":["GET"]}}],"collection":[{"href":"https:\/\/eam-scientific.com\/de\/wp-json\/wp\/v2\/product"}],"about":[{"href":"https:\/\/eam-scientific.com\/de\/wp-json\/wp\/v2\/types\/product"}],"replies":[{"embeddable":true,"href":"https:\/\/eam-scientific.com\/de\/wp-json\/wp\/v2\/comments?post=5973"}],"wp:featuredmedia":[{"embeddable":true,"href":"https:\/\/eam-scientific.com\/de\/wp-json\/wp\/v2\/media\/16047"}],"wp:attachment":[{"href":"https:\/\/eam-scientific.com\/de\/wp-json\/wp\/v2\/media?parent=5973"}],"wp:term":[{"taxonomy":"product_cat","embeddable":true,"href":"https:\/\/eam-scientific.com\/de\/wp-json\/wp\/v2\/product_cat?post=5973"},{"taxonomy":"product_tag","embeddable":true,"href":"https:\/\/eam-scientific.com\/de\/wp-json\/wp\/v2\/product_tag?post=5973"}],"curies":[{"name":"wp","href":"https:\/\/api.w.org\/{rel}","templated":true}]}}