{"id":5986,"date":"2024-06-20T15:16:15","date_gmt":"2024-06-20T13:16:15","guid":{"rendered":"https:\/\/eam-scientific.com\/?post_type=product&#038;p=5986"},"modified":"2024-06-28T10:20:02","modified_gmt":"2024-06-28T08:20:02","slug":"lc-packungsmaterial-sorbentien-bulk-cellulose-mn-2100","status":"publish","type":"product","link":"https:\/\/eam-scientific.com\/de\/produkt\/lc-packungsmaterial-sorbentien-bulk-cellulose-mn-2100\/","title":{"rendered":"LC, Packungsmaterial (Sorbentien, Bulk), Cellulose MN 2100"},"content":{"rendered":"<p>Cellulosepulver &#8211; Packmaterial, Sorbens f\u00fcr die S\u00e4ulenchromatographie. Native faserf\u00f6rmige Cellulose, gereinigt Qualit\u00e4t (mit mehreren Eluenten gewaschen), Durchschnittspolymerisationsgrad 620\u2013680, Faserl\u00e4nge (85 %) 20\u201375 \u03bcm, spezifische Oberfl\u00e4che nach Blaine ~ 5500 cm\u00b2\/g, Gl\u00fchr\u00fcckstand bei 850 \u00b0 C &lt; 1000 ppm, &lt; 2 ppm Fe, &lt; 1 ppm Cu, &lt; 2 ppm P,&nbsp; Dichlormethanextrakt &lt; 0,15 %.<\/p>\n","protected":false},"excerpt":{"rendered":"<p>Cellulosepulver &#8211; Packmaterial, Sorbens f\u00fcr die S\u00e4ulenchromatographie. Native faserf\u00f6rmige Cellulose, gereinigt Qualit\u00e4t (mit mehreren Eluenten gewaschen), Durchschnittspolymerisationsgrad 620\u2013680, Faserl\u00e4nge (85 %) 20\u201375 \u03bcm, spezifische Oberfl\u00e4che nach Blaine ~ 5500 cm\u00b2\/g, Gl\u00fchr\u00fcckstand bei 850 \u00b0 C &lt; 1000 ppm, &lt; 2 ppm Fe, &lt; 1 ppm Cu, &lt; 2 ppm P,&nbsp; Dichlormethanextrakt &lt; 0,15 %.<\/p>\n","protected":false},"featured_media":16077,"comment_status":"open","ping_status":"closed","template":"","meta":[],"product_cat":[25,49,47],"product_tag":[],"class_list":{"0":"post-5986","1":"product","2":"type-product","3":"status-publish","4":"has-post-thumbnail","6":"product_cat-chromatographie","7":"product_cat-flash-und-lc-sorbentien","8":"product_cat-flash-chromatographie-lc-sorbentien","10":"first","11":"instock","12":"shipping-taxable","13":"product-type-simple"},"_links":{"self":[{"href":"https:\/\/eam-scientific.com\/de\/wp-json\/wp\/v2\/product\/5986","targetHints":{"allow":["GET"]}}],"collection":[{"href":"https:\/\/eam-scientific.com\/de\/wp-json\/wp\/v2\/product"}],"about":[{"href":"https:\/\/eam-scientific.com\/de\/wp-json\/wp\/v2\/types\/product"}],"replies":[{"embeddable":true,"href":"https:\/\/eam-scientific.com\/de\/wp-json\/wp\/v2\/comments?post=5986"}],"wp:featuredmedia":[{"embeddable":true,"href":"https:\/\/eam-scientific.com\/de\/wp-json\/wp\/v2\/media\/16077"}],"wp:attachment":[{"href":"https:\/\/eam-scientific.com\/de\/wp-json\/wp\/v2\/media?parent=5986"}],"wp:term":[{"taxonomy":"product_cat","embeddable":true,"href":"https:\/\/eam-scientific.com\/de\/wp-json\/wp\/v2\/product_cat?post=5986"},{"taxonomy":"product_tag","embeddable":true,"href":"https:\/\/eam-scientific.com\/de\/wp-json\/wp\/v2\/product_tag?post=5986"}],"curies":[{"name":"wp","href":"https:\/\/api.w.org\/{rel}","templated":true}]}}