{"id":5991,"date":"2024-06-20T15:16:15","date_gmt":"2024-06-20T13:16:15","guid":{"rendered":"https:\/\/eam-scientific.com\/?post_type=product&#038;p=5991"},"modified":"2024-06-28T10:19:14","modified_gmt":"2024-06-28T08:19:14","slug":"lc-packungsmaterial-sorbentien-bulk-kieselgur-celite-503","status":"publish","type":"product","link":"https:\/\/eam-scientific.com\/de\/produkt\/lc-packungsmaterial-sorbentien-bulk-kieselgur-celite-503\/","title":{"rendered":"LC, Packungsmaterial (Sorbentien, Bulk), Kieselgur, CELITE 503"},"content":{"rendered":"<p>Nat\u00fcrlich vorkommende amorphe Kiesels\u00e4ure fossilen Ursprungs, die auch als Diatomeenerde, Bazillarienerde oder Diatomit bezeichnet wird. Speziell gereinigt f\u00fcr chromatographische Anwendungen. Im Vergleich zu Kieselgel hat Kieselgur eine kleine, wenig aktive Oberfl\u00e4che (Anwendung in der Verteilungschromatographie). Nach der Impr\u00e4gnierung mit verschiedenen Substanzen (Paraffin, Silikon\u00f6l, Undecan) kann es f\u00fcr die Reversed Phase Chromatographie verwendet werden.<\/p>\n","protected":false},"excerpt":{"rendered":"<p>Nat\u00fcrlich vorkommende amorphe Kiesels\u00e4ure fossilen Ursprungs, die auch als Diatomeenerde, Bazillarienerde oder Diatomit bezeichnet wird. Speziell gereinigt f\u00fcr chromatographische Anwendungen. Im Vergleich zu Kieselgel hat Kieselgur eine kleine, wenig aktive Oberfl\u00e4che (Anwendung in der Verteilungschromatographie). Nach der Impr\u00e4gnierung mit verschiedenen Substanzen (Paraffin, Silikon\u00f6l, Undecan) kann es f\u00fcr die Reversed Phase Chromatographie verwendet werden.<\/p>\n","protected":false},"featured_media":16014,"comment_status":"open","ping_status":"closed","template":"","meta":[],"product_cat":[25,49,47],"product_tag":[],"class_list":{"0":"post-5991","1":"product","2":"type-product","3":"status-publish","4":"has-post-thumbnail","6":"product_cat-chromatographie","7":"product_cat-flash-und-lc-sorbentien","8":"product_cat-flash-chromatographie-lc-sorbentien","10":"first","11":"instock","12":"shipping-taxable","13":"product-type-simple"},"_links":{"self":[{"href":"https:\/\/eam-scientific.com\/de\/wp-json\/wp\/v2\/product\/5991","targetHints":{"allow":["GET"]}}],"collection":[{"href":"https:\/\/eam-scientific.com\/de\/wp-json\/wp\/v2\/product"}],"about":[{"href":"https:\/\/eam-scientific.com\/de\/wp-json\/wp\/v2\/types\/product"}],"replies":[{"embeddable":true,"href":"https:\/\/eam-scientific.com\/de\/wp-json\/wp\/v2\/comments?post=5991"}],"wp:featuredmedia":[{"embeddable":true,"href":"https:\/\/eam-scientific.com\/de\/wp-json\/wp\/v2\/media\/16014"}],"wp:attachment":[{"href":"https:\/\/eam-scientific.com\/de\/wp-json\/wp\/v2\/media?parent=5991"}],"wp:term":[{"taxonomy":"product_cat","embeddable":true,"href":"https:\/\/eam-scientific.com\/de\/wp-json\/wp\/v2\/product_cat?post=5991"},{"taxonomy":"product_tag","embeddable":true,"href":"https:\/\/eam-scientific.com\/de\/wp-json\/wp\/v2\/product_tag?post=5991"}],"curies":[{"name":"wp","href":"https:\/\/api.w.org\/{rel}","templated":true}]}}