{"id":6024,"date":"2024-06-20T15:16:58","date_gmt":"2024-06-20T13:16:58","guid":{"rendered":"https:\/\/eam-scientific.com\/?post_type=product&#038;p=6024"},"modified":"2024-06-28T10:18:38","modified_gmt":"2024-06-28T08:18:38","slug":"lc-packungsmaterial-sorbentien-bulk-kieselgel-60-05-10-mm","status":"publish","type":"product","link":"https:\/\/eam-scientific.com\/de\/produkt\/lc-packungsmaterial-sorbentien-bulk-kieselgel-60-05-10-mm\/","title":{"rendered":"LC, Packungsmaterial (Sorbentien, Bulk), Kieselgel 60, 0,5\u20131,0 mm"},"content":{"rendered":"<p>Standard-Kieselgel 60, hochpor\u00f6se, amorphe Kiesels\u00e4ure in Form von harten, opalisierenden K\u00f6rnern, hergestellt durch F\u00e4llung von Wasserglas mit Schwefels\u00e4ure. Gebrochene Partikel.<\/p>\n","protected":false},"excerpt":{"rendered":"<p>Standard-Kieselgel 60, hochpor\u00f6se, amorphe Kiesels\u00e4ure in Form von harten, opalisierenden K\u00f6rnern, hergestellt durch F\u00e4llung von Wasserglas mit Schwefels\u00e4ure. Gebrochene Partikel.<\/p>\n","protected":false},"featured_media":15966,"comment_status":"open","ping_status":"closed","template":"","meta":[],"product_cat":[25,49,47],"product_tag":[],"class_list":{"0":"post-6024","1":"product","2":"type-product","3":"status-publish","4":"has-post-thumbnail","6":"product_cat-chromatographie","7":"product_cat-flash-und-lc-sorbentien","8":"product_cat-flash-chromatographie-lc-sorbentien","10":"first","11":"instock","12":"shipping-taxable","13":"product-type-simple"},"_links":{"self":[{"href":"https:\/\/eam-scientific.com\/de\/wp-json\/wp\/v2\/product\/6024","targetHints":{"allow":["GET"]}}],"collection":[{"href":"https:\/\/eam-scientific.com\/de\/wp-json\/wp\/v2\/product"}],"about":[{"href":"https:\/\/eam-scientific.com\/de\/wp-json\/wp\/v2\/types\/product"}],"replies":[{"embeddable":true,"href":"https:\/\/eam-scientific.com\/de\/wp-json\/wp\/v2\/comments?post=6024"}],"wp:featuredmedia":[{"embeddable":true,"href":"https:\/\/eam-scientific.com\/de\/wp-json\/wp\/v2\/media\/15966"}],"wp:attachment":[{"href":"https:\/\/eam-scientific.com\/de\/wp-json\/wp\/v2\/media?parent=6024"}],"wp:term":[{"taxonomy":"product_cat","embeddable":true,"href":"https:\/\/eam-scientific.com\/de\/wp-json\/wp\/v2\/product_cat?post=6024"},{"taxonomy":"product_tag","embeddable":true,"href":"https:\/\/eam-scientific.com\/de\/wp-json\/wp\/v2\/product_tag?post=6024"}],"curies":[{"name":"wp","href":"https:\/\/api.w.org\/{rel}","templated":true}]}}