{"id":6051,"date":"2024-06-20T15:17:39","date_gmt":"2024-06-20T13:17:39","guid":{"rendered":"https:\/\/eam-scientific.com\/?post_type=product&#038;p=6051"},"modified":"2024-06-28T10:16:29","modified_gmt":"2024-06-28T08:16:29","slug":"lc-packungsmaterial-sorbentien-bulk-kieselgel-fia-fein-0071-016-mm","status":"publish","type":"product","link":"https:\/\/eam-scientific.com\/de\/produkt\/lc-packungsmaterial-sorbentien-bulk-kieselgel-fia-fein-0071-016-mm\/","title":{"rendered":"LC, Packungsmaterial (Sorbentien, Bulk), Kieselgel FIA (fein), 0,071\u20130,16 mm"},"content":{"rendered":"<p>FIA-Kieselgel f\u00fcr das Fluoreszenz-Indikator-Adsorptions-Verfahren zur Bestimmung des Gehaltes an Kohlenwasserstoffgruppen bei der Pr\u00fcfung fl\u00fcssiger Brennstoffe nach DIN 51791 und ASTM D 1319-58T. Beim FIA-Verfahren werden die ges\u00e4ttigten Kohlenwasserstoffe, Olefine und Aromaten einer Probe chromatographisch in einer mit FIA-Kieselgel gef\u00fcllten S\u00e4ule durch Adsorption und Desorption in Gegenwart eines Fluoreszenz-Farbstoff-Gemisches bestimmt.<\/p>\n","protected":false},"excerpt":{"rendered":"<p>FIA-Kieselgel f\u00fcr das Fluoreszenz-Indikator-Adsorptions-Verfahren zur Bestimmung des Gehaltes an Kohlenwasserstoffgruppen bei der Pr\u00fcfung fl\u00fcssiger Brennstoffe nach DIN 51791 und ASTM D 1319-58T. Beim FIA-Verfahren werden die ges\u00e4ttigten Kohlenwasserstoffe, Olefine und Aromaten einer Probe chromatographisch in einer mit FIA-Kieselgel gef\u00fcllten S\u00e4ule durch Adsorption und Desorption in Gegenwart eines Fluoreszenz-Farbstoff-Gemisches bestimmt.<\/p>\n","protected":false},"featured_media":6069,"comment_status":"open","ping_status":"closed","template":"","meta":[],"product_cat":[25,49,47],"product_tag":[],"class_list":{"0":"post-6051","1":"product","2":"type-product","3":"status-publish","4":"has-post-thumbnail","6":"product_cat-chromatographie","7":"product_cat-flash-und-lc-sorbentien","8":"product_cat-flash-chromatographie-lc-sorbentien","10":"first","11":"instock","12":"shipping-taxable","13":"product-type-simple"},"_links":{"self":[{"href":"https:\/\/eam-scientific.com\/de\/wp-json\/wp\/v2\/product\/6051","targetHints":{"allow":["GET"]}}],"collection":[{"href":"https:\/\/eam-scientific.com\/de\/wp-json\/wp\/v2\/product"}],"about":[{"href":"https:\/\/eam-scientific.com\/de\/wp-json\/wp\/v2\/types\/product"}],"replies":[{"embeddable":true,"href":"https:\/\/eam-scientific.com\/de\/wp-json\/wp\/v2\/comments?post=6051"}],"wp:featuredmedia":[{"embeddable":true,"href":"https:\/\/eam-scientific.com\/de\/wp-json\/wp\/v2\/media\/6069"}],"wp:attachment":[{"href":"https:\/\/eam-scientific.com\/de\/wp-json\/wp\/v2\/media?parent=6051"}],"wp:term":[{"taxonomy":"product_cat","embeddable":true,"href":"https:\/\/eam-scientific.com\/de\/wp-json\/wp\/v2\/product_cat?post=6051"},{"taxonomy":"product_tag","embeddable":true,"href":"https:\/\/eam-scientific.com\/de\/wp-json\/wp\/v2\/product_tag?post=6051"}],"curies":[{"name":"wp","href":"https:\/\/api.w.org\/{rel}","templated":true}]}}