{"id":6057,"date":"2024-06-20T15:17:39","date_gmt":"2024-06-20T13:17:39","guid":{"rendered":"https:\/\/eam-scientific.com\/?post_type=product&#038;p=6057"},"modified":"2024-06-28T10:20:30","modified_gmt":"2024-06-28T08:20:30","slug":"lc-packungsmaterial-sorbentien-bulk-aluminiumoxid-neutral-alox-n","status":"publish","type":"product","link":"https:\/\/eam-scientific.com\/de\/produkt\/lc-packungsmaterial-sorbentien-bulk-aluminiumoxid-neutral-alox-n\/","title":{"rendered":"LC, Packungsmaterial (Sorbentien, Bulk), Aluminiumoxid, neutral, Alox N"},"content":{"rendered":"<p>Aluminiumoxid-Sorbens f\u00fcr die S\u00e4ulenchromatographie (Aktivit\u00e4tsgrad I). Aluminiumoxide, die durch Entw\u00e4sserung verschiedener Aluminiumhydroxide, z.B. Hydrargillit zwischen 400 und 500 \u00b0C hergestellt werden. N &#8211; neutraler pH-Wert 6,5-7,5.<\/p>\n","protected":false},"excerpt":{"rendered":"<p>Aluminiumoxid-Sorbens f\u00fcr die S\u00e4ulenchromatographie (Aktivit\u00e4tsgrad I). Aluminiumoxide, die durch Entw\u00e4sserung verschiedener Aluminiumhydroxide, z.B. Hydrargillit zwischen 400 und 500 \u00b0C hergestellt werden. N &#8211; neutraler pH-Wert 6,5-7,5.<\/p>\n","protected":false},"featured_media":16116,"comment_status":"open","ping_status":"closed","template":"","meta":[],"product_cat":[25,49,47],"product_tag":[],"class_list":{"0":"post-6057","1":"product","2":"type-product","3":"status-publish","4":"has-post-thumbnail","6":"product_cat-chromatographie","7":"product_cat-flash-und-lc-sorbentien","8":"product_cat-flash-chromatographie-lc-sorbentien","10":"first","11":"instock","12":"shipping-taxable","13":"product-type-simple"},"_links":{"self":[{"href":"https:\/\/eam-scientific.com\/de\/wp-json\/wp\/v2\/product\/6057","targetHints":{"allow":["GET"]}}],"collection":[{"href":"https:\/\/eam-scientific.com\/de\/wp-json\/wp\/v2\/product"}],"about":[{"href":"https:\/\/eam-scientific.com\/de\/wp-json\/wp\/v2\/types\/product"}],"replies":[{"embeddable":true,"href":"https:\/\/eam-scientific.com\/de\/wp-json\/wp\/v2\/comments?post=6057"}],"wp:featuredmedia":[{"embeddable":true,"href":"https:\/\/eam-scientific.com\/de\/wp-json\/wp\/v2\/media\/16116"}],"wp:attachment":[{"href":"https:\/\/eam-scientific.com\/de\/wp-json\/wp\/v2\/media?parent=6057"}],"wp:term":[{"taxonomy":"product_cat","embeddable":true,"href":"https:\/\/eam-scientific.com\/de\/wp-json\/wp\/v2\/product_cat?post=6057"},{"taxonomy":"product_tag","embeddable":true,"href":"https:\/\/eam-scientific.com\/de\/wp-json\/wp\/v2\/product_tag?post=6057"}],"curies":[{"name":"wp","href":"https:\/\/api.w.org\/{rel}","templated":true}]}}