{"id":6081,"date":"2024-06-20T15:18:27","date_gmt":"2024-06-20T13:18:27","guid":{"rendered":"https:\/\/eam-scientific.com\/?post_type=product&#038;p=6081"},"modified":"2024-06-28T10:20:33","modified_gmt":"2024-06-28T08:20:33","slug":"flash-chromatographie-saeule-glas-komplett-mit-adapter400-mm-l20-mm-idleer","status":"publish","type":"product","link":"https:\/\/eam-scientific.com\/de\/produkt\/flash-chromatographie-saeule-glas-komplett-mit-adapter400-mm-l20-mm-idleer\/","title":{"rendered":"Flash Chromatographie S\u00e4ule, Glas, komplett mit Adapter,400 mm L,20 mm ID,leer"},"content":{"rendered":"<p>Glass\u00e4ulen und Kits f\u00fcr die Niederdruck-Flashchromatographie. Geeignet f\u00fcr die Auftrennung von Verbindungen bis in den Gramm-Ma\u00dfstab. Diese S\u00e4ulen werden in der Regel bis zu einer H\u00f6he von ca. 15 cm gef\u00fcllt, der Arbeitssdruck betr\u00e4gt 1,5 bis 2 bar. Das am h\u00e4ufigsten verwendete Sorbens ist Kieslegel 60 mit Partikelgr\u00f6\u00dfe 40-63 \u03bcm, jedoch k\u00f6nnen Sie auch andere Produkte aus unserem Porgramm an LC-Sorbentien sowie unsere POLYGOPREP Kieselgele verwenden. Partikelgr\u00f6\u00dfen &lt; 25 \u03bcm sollten nur mit sehr niedrigviskosen mobilen Phasen eingesetzt werden, weil sonst der R\u00fcckdruck zu hoch werden k\u00f6nnte. Diese S\u00e4ulen werden vom Benutzer gepackt. Flash-Chromatographie-Glass\u00e4ulen komplett mit Adapter und PTFE-Hahn, ausgestattet mit einem Polyethylennetz zum Schutz vor Bersten.<\/p>\n","protected":false},"excerpt":{"rendered":"<p>Glass\u00e4ulen und Kits f\u00fcr die Niederdruck-Flashchromatographie. Geeignet f\u00fcr die Auftrennung von Verbindungen bis in den Gramm-Ma\u00dfstab. Diese S\u00e4ulen werden in der Regel bis zu einer H\u00f6he von ca. 15 cm gef\u00fcllt, der Arbeitssdruck betr\u00e4gt 1,5 bis 2 bar. Das am h\u00e4ufigsten verwendete Sorbens ist Kieslegel 60 mit Partikelgr\u00f6\u00dfe 40-63 \u03bcm, jedoch k\u00f6nnen Sie auch andere [&hellip;]<\/p>\n","protected":false},"featured_media":6095,"comment_status":"open","ping_status":"closed","template":"","meta":[],"product_cat":[25,47,50],"product_tag":[],"class_list":{"0":"post-6081","1":"product","2":"type-product","3":"status-publish","4":"has-post-thumbnail","6":"product_cat-chromatographie","7":"product_cat-flash-chromatographie-lc-sorbentien","8":"product_cat-flash-glassaeulen","10":"first","11":"instock","12":"shipping-taxable","13":"product-type-simple"},"_links":{"self":[{"href":"https:\/\/eam-scientific.com\/de\/wp-json\/wp\/v2\/product\/6081","targetHints":{"allow":["GET"]}}],"collection":[{"href":"https:\/\/eam-scientific.com\/de\/wp-json\/wp\/v2\/product"}],"about":[{"href":"https:\/\/eam-scientific.com\/de\/wp-json\/wp\/v2\/types\/product"}],"replies":[{"embeddable":true,"href":"https:\/\/eam-scientific.com\/de\/wp-json\/wp\/v2\/comments?post=6081"}],"wp:featuredmedia":[{"embeddable":true,"href":"https:\/\/eam-scientific.com\/de\/wp-json\/wp\/v2\/media\/6095"}],"wp:attachment":[{"href":"https:\/\/eam-scientific.com\/de\/wp-json\/wp\/v2\/media?parent=6081"}],"wp:term":[{"taxonomy":"product_cat","embeddable":true,"href":"https:\/\/eam-scientific.com\/de\/wp-json\/wp\/v2\/product_cat?post=6081"},{"taxonomy":"product_tag","embeddable":true,"href":"https:\/\/eam-scientific.com\/de\/wp-json\/wp\/v2\/product_tag?post=6081"}],"curies":[{"name":"wp","href":"https:\/\/api.w.org\/{rel}","templated":true}]}}