{"id":6084,"date":"2024-06-20T15:18:27","date_gmt":"2024-06-20T13:18:27","guid":{"rendered":"https:\/\/eam-scientific.com\/?post_type=product&#038;p=6084"},"modified":"2024-06-28T10:20:38","modified_gmt":"2024-06-28T08:20:38","slug":"flash-seesand-saeuregewaschen-und-geglueht","status":"publish","type":"product","link":"https:\/\/eam-scientific.com\/de\/produkt\/flash-seesand-saeuregewaschen-und-geglueht\/","title":{"rendered":"Flash Seesand, s\u00e4uregewaschen und gegl\u00fcht"},"content":{"rendered":"<p>Seesand, s\u00e4uregewaschen und gegl\u00fcht.\u00a0Partikelgr\u00f6\u00dfe (100 &#8211; 800 \u00b5m)<\/p>\n","protected":false},"excerpt":{"rendered":"<p>Seesand, s\u00e4uregewaschen und gegl\u00fcht.\u00a0Partikelgr\u00f6\u00dfe (100 &#8211; 800 \u00b5m)<\/p>\n","protected":false},"featured_media":6098,"comment_status":"open","ping_status":"closed","template":"","meta":[],"product_cat":[25,47,51],"product_tag":[],"class_list":{"0":"post-6084","1":"product","2":"type-product","3":"status-publish","4":"has-post-thumbnail","6":"product_cat-chromatographie","7":"product_cat-flash-chromatographie-lc-sorbentien","8":"product_cat-flash-zubehoer","10":"first","11":"instock","12":"shipping-taxable","13":"product-type-simple"},"_links":{"self":[{"href":"https:\/\/eam-scientific.com\/de\/wp-json\/wp\/v2\/product\/6084","targetHints":{"allow":["GET"]}}],"collection":[{"href":"https:\/\/eam-scientific.com\/de\/wp-json\/wp\/v2\/product"}],"about":[{"href":"https:\/\/eam-scientific.com\/de\/wp-json\/wp\/v2\/types\/product"}],"replies":[{"embeddable":true,"href":"https:\/\/eam-scientific.com\/de\/wp-json\/wp\/v2\/comments?post=6084"}],"wp:featuredmedia":[{"embeddable":true,"href":"https:\/\/eam-scientific.com\/de\/wp-json\/wp\/v2\/media\/6098"}],"wp:attachment":[{"href":"https:\/\/eam-scientific.com\/de\/wp-json\/wp\/v2\/media?parent=6084"}],"wp:term":[{"taxonomy":"product_cat","embeddable":true,"href":"https:\/\/eam-scientific.com\/de\/wp-json\/wp\/v2\/product_cat?post=6084"},{"taxonomy":"product_tag","embeddable":true,"href":"https:\/\/eam-scientific.com\/de\/wp-json\/wp\/v2\/product_tag?post=6084"}],"curies":[{"name":"wp","href":"https:\/\/api.w.org\/{rel}","templated":true}]}}