{"id":6261,"date":"2024-06-20T15:19:44","date_gmt":"2024-06-20T13:19:44","guid":{"rendered":"https:\/\/eam-scientific.com\/?post_type=product&#038;p=6261"},"modified":"2024-06-28T10:24:13","modified_gmt":"2024-06-28T08:24:13","slug":"ec-hplc-saeule-analytisch-nucleodur-sphinx-rp-3-%c2%b5m-75x46-mm","status":"publish","type":"product","link":"https:\/\/eam-scientific.com\/de\/produkt\/ec-hplc-saeule-analytisch-nucleodur-sphinx-rp-3-%c2%b5m-75x46-mm\/","title":{"rendered":"EC HPLC-S\u00e4ule (analytisch), NUCLEODUR Sphinx RP, 3 \u00b5m, 75&#215;4,6 mm"},"content":{"rendered":"<p>Das mytische Wesen &#8222;Sphinx&#8220; hat einen L\u00f6wenk\u00f6rper und oft einen menschlichen Kopf. Hochreines NUCLEODUR-Kieselgel ist modifiziert mit einem ausgewogenen Verh\u00e4ltnis von Propylphenyl- und C18-Liganden. Diese bifunktionale RP-Phase zeigt eine einzigartige Selektivit\u00e4t und erweitert den Spielraum f\u00fcr die Methodenentwicklung auf Basis von hydrophoben und zus\u00e4tzlichen \u03c0-\u03c0-Wechselwirkungen.<\/p>\n","protected":false},"excerpt":{"rendered":"<p>Das mytische Wesen &#8222;Sphinx&#8220; hat einen L\u00f6wenk\u00f6rper und oft einen menschlichen Kopf. Hochreines NUCLEODUR-Kieselgel ist modifiziert mit einem ausgewogenen Verh\u00e4ltnis von Propylphenyl- und C18-Liganden. Diese bifunktionale RP-Phase zeigt eine einzigartige Selektivit\u00e4t und erweitert den Spielraum f\u00fcr die Methodenentwicklung auf Basis von hydrophoben und zus\u00e4tzlichen \u03c0-\u03c0-Wechselwirkungen.<\/p>\n","protected":false},"featured_media":6270,"comment_status":"open","ping_status":"closed","template":"","meta":[],"product_cat":[25,52,53],"product_tag":[],"class_list":{"0":"post-6261","1":"product","2":"type-product","3":"status-publish","4":"has-post-thumbnail","6":"product_cat-chromatographie","7":"product_cat-hplc-und-uhplc","8":"product_cat-hplc-und-uhplc-saeulen","10":"first","11":"instock","12":"shipping-taxable","13":"product-type-simple"},"_links":{"self":[{"href":"https:\/\/eam-scientific.com\/de\/wp-json\/wp\/v2\/product\/6261","targetHints":{"allow":["GET"]}}],"collection":[{"href":"https:\/\/eam-scientific.com\/de\/wp-json\/wp\/v2\/product"}],"about":[{"href":"https:\/\/eam-scientific.com\/de\/wp-json\/wp\/v2\/types\/product"}],"replies":[{"embeddable":true,"href":"https:\/\/eam-scientific.com\/de\/wp-json\/wp\/v2\/comments?post=6261"}],"wp:featuredmedia":[{"embeddable":true,"href":"https:\/\/eam-scientific.com\/de\/wp-json\/wp\/v2\/media\/6270"}],"wp:attachment":[{"href":"https:\/\/eam-scientific.com\/de\/wp-json\/wp\/v2\/media?parent=6261"}],"wp:term":[{"taxonomy":"product_cat","embeddable":true,"href":"https:\/\/eam-scientific.com\/de\/wp-json\/wp\/v2\/product_cat?post=6261"},{"taxonomy":"product_tag","embeddable":true,"href":"https:\/\/eam-scientific.com\/de\/wp-json\/wp\/v2\/product_tag?post=6261"}],"curies":[{"name":"wp","href":"https:\/\/api.w.org\/{rel}","templated":true}]}}