{"id":6366,"date":"2024-06-20T15:20:22","date_gmt":"2024-06-20T13:20:22","guid":{"rendered":"https:\/\/eam-scientific.com\/?post_type=product&#038;p=6366"},"modified":"2024-06-28T10:25:46","modified_gmt":"2024-06-28T08:25:46","slug":"ec-hplc-saeule-analytisch-nucleodur-100-3-c8-ec-3-%c2%b5m-50x2-mm","status":"publish","type":"product","link":"https:\/\/eam-scientific.com\/de\/produkt\/ec-hplc-saeule-analytisch-nucleodur-100-3-c8-ec-3-%c2%b5m-50x2-mm\/","title":{"rendered":"EC HPLC-S\u00e4ule (analytisch), NUCLEODUR 100-3 C8 ec, 3 \u00b5m, 50&#215;4,6 mm"},"content":{"rendered":"<p>Standard RP-Phase f\u00fcr die t\u00e4gliche Routineanalytik und Up-Scaling auf die pr\u00e4parative HPLC. Die Octyl-Modifizierung basiert auf dem hochreinen Kieselgel NUCLEODUR. C8 weist im Vergleich zu C18 (Octadecylsilan, ODS) eine geringere Retention von hydrophoben Verbindungen auf.<\/p>\n","protected":false},"excerpt":{"rendered":"<p>Standard RP-Phase f\u00fcr die t\u00e4gliche Routineanalytik und Up-Scaling auf die pr\u00e4parative HPLC. Die Octyl-Modifizierung basiert auf dem hochreinen Kieselgel NUCLEODUR. C8 weist im Vergleich zu C18 (Octadecylsilan, ODS) eine geringere Retention von hydrophoben Verbindungen auf.<\/p>\n","protected":false},"featured_media":16839,"comment_status":"open","ping_status":"closed","template":"","meta":[],"product_cat":[25,52,53],"product_tag":[],"class_list":{"0":"post-6366","1":"product","2":"type-product","3":"status-publish","4":"has-post-thumbnail","6":"product_cat-chromatographie","7":"product_cat-hplc-und-uhplc","8":"product_cat-hplc-und-uhplc-saeulen","10":"first","11":"instock","12":"shipping-taxable","13":"product-type-simple"},"_links":{"self":[{"href":"https:\/\/eam-scientific.com\/de\/wp-json\/wp\/v2\/product\/6366","targetHints":{"allow":["GET"]}}],"collection":[{"href":"https:\/\/eam-scientific.com\/de\/wp-json\/wp\/v2\/product"}],"about":[{"href":"https:\/\/eam-scientific.com\/de\/wp-json\/wp\/v2\/types\/product"}],"replies":[{"embeddable":true,"href":"https:\/\/eam-scientific.com\/de\/wp-json\/wp\/v2\/comments?post=6366"}],"wp:featuredmedia":[{"embeddable":true,"href":"https:\/\/eam-scientific.com\/de\/wp-json\/wp\/v2\/media\/16839"}],"wp:attachment":[{"href":"https:\/\/eam-scientific.com\/de\/wp-json\/wp\/v2\/media?parent=6366"}],"wp:term":[{"taxonomy":"product_cat","embeddable":true,"href":"https:\/\/eam-scientific.com\/de\/wp-json\/wp\/v2\/product_cat?post=6366"},{"taxonomy":"product_tag","embeddable":true,"href":"https:\/\/eam-scientific.com\/de\/wp-json\/wp\/v2\/product_tag?post=6366"}],"curies":[{"name":"wp","href":"https:\/\/api.w.org\/{rel}","templated":true}]}}