{"id":6386,"date":"2024-06-20T15:20:30","date_gmt":"2024-06-20T13:20:30","guid":{"rendered":"https:\/\/eam-scientific.com\/?post_type=product&#038;p=6386"},"modified":"2024-06-28T10:29:37","modified_gmt":"2024-06-28T08:29:37","slug":"ec-hplc-saeule-analytisch-nucleodur-300-5-c4-ec-5-%c2%b5m-150x2-mm","status":"publish","type":"product","link":"https:\/\/eam-scientific.com\/de\/produkt\/ec-hplc-saeule-analytisch-nucleodur-300-5-c4-ec-5-%c2%b5m-150x2-mm\/","title":{"rendered":"EC HPLC-S\u00e4ule (analytisch), NUCLEODUR 300-5 C4 ec, 5 \u00b5m, 150&#215;4,6 mm"},"content":{"rendered":"<p>Widepore-RP-Phase f\u00fcr die t\u00e4gliche Routineanalytik. Die Butylmodifizierung mit mittlerer Dichte basiert auf dem hochreinen Kieselgel NUCLEODUR und wird h\u00e4ufig zur Trennung von Biomolek\u00fclen eingesetzt. Butyl-(C4)-Modifizierungen haben eine geringere Retention f\u00fcr hydrophobe Verbindungen im Vergleich zu C18-(Octadecylsilan, ODS)- oder C8-(Octyl, MOS)-Modifizierungen.<\/p>\n","protected":false},"excerpt":{"rendered":"<p>Widepore-RP-Phase f\u00fcr die t\u00e4gliche Routineanalytik. Die Butylmodifizierung mit mittlerer Dichte basiert auf dem hochreinen Kieselgel NUCLEODUR und wird h\u00e4ufig zur Trennung von Biomolek\u00fclen eingesetzt. Butyl-(C4)-Modifizierungen haben eine geringere Retention f\u00fcr hydrophobe Verbindungen im Vergleich zu C18-(Octadecylsilan, ODS)- oder C8-(Octyl, MOS)-Modifizierungen.<\/p>\n","protected":false},"featured_media":17997,"comment_status":"open","ping_status":"closed","template":"","meta":[],"product_cat":[25,52,53],"product_tag":[],"class_list":{"0":"post-6386","1":"product","2":"type-product","3":"status-publish","4":"has-post-thumbnail","6":"product_cat-chromatographie","7":"product_cat-hplc-und-uhplc","8":"product_cat-hplc-und-uhplc-saeulen","10":"first","11":"instock","12":"shipping-taxable","13":"product-type-simple"},"_links":{"self":[{"href":"https:\/\/eam-scientific.com\/de\/wp-json\/wp\/v2\/product\/6386","targetHints":{"allow":["GET"]}}],"collection":[{"href":"https:\/\/eam-scientific.com\/de\/wp-json\/wp\/v2\/product"}],"about":[{"href":"https:\/\/eam-scientific.com\/de\/wp-json\/wp\/v2\/types\/product"}],"replies":[{"embeddable":true,"href":"https:\/\/eam-scientific.com\/de\/wp-json\/wp\/v2\/comments?post=6386"}],"wp:featuredmedia":[{"embeddable":true,"href":"https:\/\/eam-scientific.com\/de\/wp-json\/wp\/v2\/media\/17997"}],"wp:attachment":[{"href":"https:\/\/eam-scientific.com\/de\/wp-json\/wp\/v2\/media?parent=6386"}],"wp:term":[{"taxonomy":"product_cat","embeddable":true,"href":"https:\/\/eam-scientific.com\/de\/wp-json\/wp\/v2\/product_cat?post=6386"},{"taxonomy":"product_tag","embeddable":true,"href":"https:\/\/eam-scientific.com\/de\/wp-json\/wp\/v2\/product_tag?post=6386"}],"curies":[{"name":"wp","href":"https:\/\/api.w.org\/{rel}","templated":true}]}}