{"id":6389,"date":"2024-06-20T15:20:30","date_gmt":"2024-06-20T13:20:30","guid":{"rendered":"https:\/\/eam-scientific.com\/?post_type=product&#038;p=6389"},"modified":"2024-06-28T10:29:38","modified_gmt":"2024-06-28T08:29:38","slug":"ec-hplc-saeule-analytisch-nucleodur-100-5-cn-5-%c2%b5m-150x4-mm","status":"publish","type":"product","link":"https:\/\/eam-scientific.com\/de\/produkt\/ec-hplc-saeule-analytisch-nucleodur-100-5-cn-5-%c2%b5m-150x4-mm\/","title":{"rendered":"EC HPLC-S\u00e4ule (analytisch), NUCLEODUR 100-5 CN, 5 \u00b5m, 150&#215;4,6 mm"},"content":{"rendered":"<p>Die endcappede Cyanopropylphase basiert auf dem hochreinen Kieselgel NUCLEODUR. Diese HPLC-Phase ist in der Lage, ein deutlich erkennbares anderes Retentionsverhalten als rein alkylfunktionalisierte Oberfl\u00e4chenmodifizierungen zu bewirken. Die Polarit\u00e4t kann als intermedi\u00e4r klassifiziert werden, basierend auf mehreren Retentionsmechanismen wie Dipol-Dipol-, \u03c0-\u03c0-, und auch hydrophoben Wechselwirkungen. Daher zeigt diese Phase eine ausgepr\u00e4gte Selektivit\u00e4t sowohl f\u00fcr polare organische Verbindungen als auch f\u00fcr Molek\u00fcle, die \u03c0 Elektronensysteme enthalten (z.B. Analyten mit Doppelbindungen). Cyanopropyl-HPLC-S\u00e4ulen k\u00f6nnen sowohl im RP-Modus mit w\u00e4ssrig-organischen Eluentengemischen als auch im NP-Modus betrieben werden, z.B. mit Hexan als mobiler Phase.<\/p>\n","protected":false},"excerpt":{"rendered":"<p>Die endcappede Cyanopropylphase basiert auf dem hochreinen Kieselgel NUCLEODUR. Diese HPLC-Phase ist in der Lage, ein deutlich erkennbares anderes Retentionsverhalten als rein alkylfunktionalisierte Oberfl\u00e4chenmodifizierungen zu bewirken. Die Polarit\u00e4t kann als intermedi\u00e4r klassifiziert werden, basierend auf mehreren Retentionsmechanismen wie Dipol-Dipol-, \u03c0-\u03c0-, und auch hydrophoben Wechselwirkungen. Daher zeigt diese Phase eine ausgepr\u00e4gte Selektivit\u00e4t sowohl f\u00fcr polare organische [&hellip;]<\/p>\n","protected":false},"featured_media":18003,"comment_status":"open","ping_status":"closed","template":"","meta":[],"product_cat":[25,52,53],"product_tag":[],"class_list":{"0":"post-6389","1":"product","2":"type-product","3":"status-publish","4":"has-post-thumbnail","6":"product_cat-chromatographie","7":"product_cat-hplc-und-uhplc","8":"product_cat-hplc-und-uhplc-saeulen","10":"first","11":"instock","12":"shipping-taxable","13":"product-type-simple"},"_links":{"self":[{"href":"https:\/\/eam-scientific.com\/de\/wp-json\/wp\/v2\/product\/6389","targetHints":{"allow":["GET"]}}],"collection":[{"href":"https:\/\/eam-scientific.com\/de\/wp-json\/wp\/v2\/product"}],"about":[{"href":"https:\/\/eam-scientific.com\/de\/wp-json\/wp\/v2\/types\/product"}],"replies":[{"embeddable":true,"href":"https:\/\/eam-scientific.com\/de\/wp-json\/wp\/v2\/comments?post=6389"}],"wp:featuredmedia":[{"embeddable":true,"href":"https:\/\/eam-scientific.com\/de\/wp-json\/wp\/v2\/media\/18003"}],"wp:attachment":[{"href":"https:\/\/eam-scientific.com\/de\/wp-json\/wp\/v2\/media?parent=6389"}],"wp:term":[{"taxonomy":"product_cat","embeddable":true,"href":"https:\/\/eam-scientific.com\/de\/wp-json\/wp\/v2\/product_cat?post=6389"},{"taxonomy":"product_tag","embeddable":true,"href":"https:\/\/eam-scientific.com\/de\/wp-json\/wp\/v2\/product_tag?post=6389"}],"curies":[{"name":"wp","href":"https:\/\/api.w.org\/{rel}","templated":true}]}}