{"id":6432,"date":"2024-06-20T15:20:51","date_gmt":"2024-06-20T13:20:51","guid":{"rendered":"https:\/\/eam-scientific.com\/?post_type=product&#038;p=6432"},"modified":"2024-06-28T10:26:04","modified_gmt":"2024-06-28T08:26:04","slug":"ec-hplc-saeule-analytisch-nucleodur-hilic-5-%c2%b5m-50x2-mm","status":"publish","type":"product","link":"https:\/\/eam-scientific.com\/de\/produkt\/ec-hplc-saeule-analytisch-nucleodur-hilic-5-%c2%b5m-50x2-mm\/","title":{"rendered":"EC HPLC-S\u00e4ule (analytisch), NUCLEODUR HILIC, 5 \u00b5m, 50&#215;4,6 mm"},"content":{"rendered":"<p>Die Wissenschaft rundum chromatographischer Trennungen ist immer auf der Suche nach neuen und effektiven Strategien, um die Aufgaben der modernen Analytik zu erf\u00fcllen. Insbesondere bei polaren Verbindungen ist die Reversed-Phase-HPLC &#8211; die h\u00e4ufigste Analysemethode &#8211; oft begrenzt. Hier stellen hydrophile station\u00e4re Phasen ein zus\u00e4tzliches Werkzeug f\u00fcr die Trennung von polaren Analyten in der HPLC dar. HILIC ist die NP-Chromatographie von polaren und ionischen Verbindungen unter RP-Bedingungen. Die zwitterionische HILIC-Phase basiert auf dem hochreinen Kieselgel NUCLEODUR.<\/p>\n","protected":false},"excerpt":{"rendered":"<p>Die Wissenschaft rundum chromatographischer Trennungen ist immer auf der Suche nach neuen und effektiven Strategien, um die Aufgaben der modernen Analytik zu erf\u00fcllen. Insbesondere bei polaren Verbindungen ist die Reversed-Phase-HPLC &#8211; die h\u00e4ufigste Analysemethode &#8211; oft begrenzt. Hier stellen hydrophile station\u00e4re Phasen ein zus\u00e4tzliches Werkzeug f\u00fcr die Trennung von polaren Analyten in der HPLC dar. [&hellip;]<\/p>\n","protected":false},"featured_media":16950,"comment_status":"open","ping_status":"closed","template":"","meta":[],"product_cat":[25,52,53],"product_tag":[],"class_list":{"0":"post-6432","1":"product","2":"type-product","3":"status-publish","4":"has-post-thumbnail","6":"product_cat-chromatographie","7":"product_cat-hplc-und-uhplc","8":"product_cat-hplc-und-uhplc-saeulen","10":"first","11":"instock","12":"shipping-taxable","13":"product-type-simple"},"_links":{"self":[{"href":"https:\/\/eam-scientific.com\/de\/wp-json\/wp\/v2\/product\/6432","targetHints":{"allow":["GET"]}}],"collection":[{"href":"https:\/\/eam-scientific.com\/de\/wp-json\/wp\/v2\/product"}],"about":[{"href":"https:\/\/eam-scientific.com\/de\/wp-json\/wp\/v2\/types\/product"}],"replies":[{"embeddable":true,"href":"https:\/\/eam-scientific.com\/de\/wp-json\/wp\/v2\/comments?post=6432"}],"wp:featuredmedia":[{"embeddable":true,"href":"https:\/\/eam-scientific.com\/de\/wp-json\/wp\/v2\/media\/16950"}],"wp:attachment":[{"href":"https:\/\/eam-scientific.com\/de\/wp-json\/wp\/v2\/media?parent=6432"}],"wp:term":[{"taxonomy":"product_cat","embeddable":true,"href":"https:\/\/eam-scientific.com\/de\/wp-json\/wp\/v2\/product_cat?post=6432"},{"taxonomy":"product_tag","embeddable":true,"href":"https:\/\/eam-scientific.com\/de\/wp-json\/wp\/v2\/product_tag?post=6432"}],"curies":[{"name":"wp","href":"https:\/\/api.w.org\/{rel}","templated":true}]}}