{"id":6473,"date":"2024-06-20T15:21:04","date_gmt":"2024-06-20T13:21:04","guid":{"rendered":"https:\/\/eam-scientific.com\/?post_type=product&#038;p=6473"},"modified":"2024-06-28T10:29:41","modified_gmt":"2024-06-28T08:29:41","slug":"ec-hplc-saeule-analytisch-nucleoshell-rp-18-27-%c2%b5m-150x46-mm","status":"publish","type":"product","link":"https:\/\/eam-scientific.com\/de\/produkt\/ec-hplc-saeule-analytisch-nucleoshell-rp-18-27-%c2%b5m-150x46-mm\/","title":{"rendered":"EC HPLC-S\u00e4ule (analytisch), NUCLEOSHELL RP 18, 2,7 \u00b5m, 150&#215;3 mm"},"content":{"rendered":"<p>Diese C18-Phase mit hoher Dichte basierend auf Kieselgel-Partikel der Core-Shell-Technologie mit ihrem Endcapping unterdr\u00fcckt unerw\u00fcnschte polare Wechselwirkungen zwischen der Kieselgel-Oberfl\u00e4che und der Probe, was sie besonders geeignet f\u00fcr die Trennung von basischen und anderen ionisierbaren Analyten macht. Aufgrund der verbesserten pH-Stabilit\u00e4t, LC\/MS-Eignung und der hervorragenden Basendesaktivierung (BDS) ist Sie die perfekte Wahl, um RP-Anwendungen zu beschleunigen.<\/p>\n","protected":false},"excerpt":{"rendered":"<p>Diese C18-Phase mit hoher Dichte basierend auf Kieselgel-Partikel der Core-Shell-Technologie mit ihrem Endcapping unterdr\u00fcckt unerw\u00fcnschte polare Wechselwirkungen zwischen der Kieselgel-Oberfl\u00e4che und der Probe, was sie besonders geeignet f\u00fcr die Trennung von basischen und anderen ionisierbaren Analyten macht. Aufgrund der verbesserten pH-Stabilit\u00e4t, LC\/MS-Eignung und der hervorragenden Basendesaktivierung (BDS) ist Sie die perfekte Wahl, um RP-Anwendungen zu [&hellip;]<\/p>\n","protected":false},"featured_media":18024,"comment_status":"open","ping_status":"closed","template":"","meta":[],"product_cat":[25,52,53],"product_tag":[],"class_list":{"0":"post-6473","1":"product","2":"type-product","3":"status-publish","4":"has-post-thumbnail","6":"product_cat-chromatographie","7":"product_cat-hplc-und-uhplc","8":"product_cat-hplc-und-uhplc-saeulen","10":"first","11":"instock","12":"shipping-taxable","13":"product-type-simple"},"_links":{"self":[{"href":"https:\/\/eam-scientific.com\/de\/wp-json\/wp\/v2\/product\/6473","targetHints":{"allow":["GET"]}}],"collection":[{"href":"https:\/\/eam-scientific.com\/de\/wp-json\/wp\/v2\/product"}],"about":[{"href":"https:\/\/eam-scientific.com\/de\/wp-json\/wp\/v2\/types\/product"}],"replies":[{"embeddable":true,"href":"https:\/\/eam-scientific.com\/de\/wp-json\/wp\/v2\/comments?post=6473"}],"wp:featuredmedia":[{"embeddable":true,"href":"https:\/\/eam-scientific.com\/de\/wp-json\/wp\/v2\/media\/18024"}],"wp:attachment":[{"href":"https:\/\/eam-scientific.com\/de\/wp-json\/wp\/v2\/media?parent=6473"}],"wp:term":[{"taxonomy":"product_cat","embeddable":true,"href":"https:\/\/eam-scientific.com\/de\/wp-json\/wp\/v2\/product_cat?post=6473"},{"taxonomy":"product_tag","embeddable":true,"href":"https:\/\/eam-scientific.com\/de\/wp-json\/wp\/v2\/product_tag?post=6473"}],"curies":[{"name":"wp","href":"https:\/\/api.w.org\/{rel}","templated":true}]}}