{"id":6474,"date":"2024-06-20T15:21:04","date_gmt":"2024-06-20T13:21:04","guid":{"rendered":"https:\/\/eam-scientific.com\/?post_type=product&#038;p=6474"},"modified":"2024-06-28T10:28:51","modified_gmt":"2024-06-28T08:28:51","slug":"ec-hplc-saeule-analytisch-nucleoshell-rp-18plus-27-%c2%b5m-50x3-mm","status":"publish","type":"product","link":"https:\/\/eam-scientific.com\/de\/produkt\/ec-hplc-saeule-analytisch-nucleoshell-rp-18plus-27-%c2%b5m-50x3-mm\/","title":{"rendered":"EC HPLC-S\u00e4ule (analytisch), NUCLEOSHELL RP 18plus, 2,7 \u00b5m, 50&#215;4,6 mm"},"content":{"rendered":"<p>Hydrophobe C18-Phase mit ausgepr\u00e4gter polarer Selektivit\u00e4t zur besseren Retention von fr\u00fch eluierenden Substanzen. Diese HPLC-Phase besteht aus Kieselgel-Partikeln der Core-Shell-Technologie und zeigt eine hervorragende Leistungsf\u00e4higkeit unter stark w\u00e4ssrigen Bedingungen. Aufgrund des niedrigen Blutnes sind diese S\u00e4ulen f\u00fcr LC\/MS geeignet. Diese station\u00e4re Phase wird f\u00fcr anspruchsvolle analytische Trennungen, insbesondere f\u00fcr polare Verbindungen, verwendet.<\/p>\n","protected":false},"excerpt":{"rendered":"<p>Hydrophobe C18-Phase mit ausgepr\u00e4gter polarer Selektivit\u00e4t zur besseren Retention von fr\u00fch eluierenden Substanzen. Diese HPLC-Phase besteht aus Kieselgel-Partikeln der Core-Shell-Technologie und zeigt eine hervorragende Leistungsf\u00e4higkeit unter stark w\u00e4ssrigen Bedingungen. Aufgrund des niedrigen Blutnes sind diese S\u00e4ulen f\u00fcr LC\/MS geeignet. Diese station\u00e4re Phase wird f\u00fcr anspruchsvolle analytische Trennungen, insbesondere f\u00fcr polare Verbindungen, verwendet.<\/p>\n","protected":false},"featured_media":17784,"comment_status":"open","ping_status":"closed","template":"","meta":[],"product_cat":[25,52,53],"product_tag":[],"class_list":{"0":"post-6474","1":"product","2":"type-product","3":"status-publish","4":"has-post-thumbnail","6":"product_cat-chromatographie","7":"product_cat-hplc-und-uhplc","8":"product_cat-hplc-und-uhplc-saeulen","10":"first","11":"instock","12":"shipping-taxable","13":"product-type-simple"},"_links":{"self":[{"href":"https:\/\/eam-scientific.com\/de\/wp-json\/wp\/v2\/product\/6474","targetHints":{"allow":["GET"]}}],"collection":[{"href":"https:\/\/eam-scientific.com\/de\/wp-json\/wp\/v2\/product"}],"about":[{"href":"https:\/\/eam-scientific.com\/de\/wp-json\/wp\/v2\/types\/product"}],"replies":[{"embeddable":true,"href":"https:\/\/eam-scientific.com\/de\/wp-json\/wp\/v2\/comments?post=6474"}],"wp:featuredmedia":[{"embeddable":true,"href":"https:\/\/eam-scientific.com\/de\/wp-json\/wp\/v2\/media\/17784"}],"wp:attachment":[{"href":"https:\/\/eam-scientific.com\/de\/wp-json\/wp\/v2\/media?parent=6474"}],"wp:term":[{"taxonomy":"product_cat","embeddable":true,"href":"https:\/\/eam-scientific.com\/de\/wp-json\/wp\/v2\/product_cat?post=6474"},{"taxonomy":"product_tag","embeddable":true,"href":"https:\/\/eam-scientific.com\/de\/wp-json\/wp\/v2\/product_tag?post=6474"}],"curies":[{"name":"wp","href":"https:\/\/api.w.org\/{rel}","templated":true}]}}