{"id":6759,"date":"2024-06-20T15:23:37","date_gmt":"2024-06-20T13:23:37","guid":{"rendered":"https:\/\/eam-scientific.com\/?post_type=product&#038;p=6759"},"modified":"2024-06-28T10:27:37","modified_gmt":"2024-06-28T08:27:37","slug":"ec-hplc-saeule-analytisch-nucleodur-300-5-c18-ec-5-%c2%b5m-125x2-mm","status":"publish","type":"product","link":"https:\/\/eam-scientific.com\/de\/produkt\/ec-hplc-saeule-analytisch-nucleodur-300-5-c18-ec-5-%c2%b5m-125x2-mm\/","title":{"rendered":"EC HPLC-S\u00e4ule (analytisch), NUCLEODUR 300-5 C18 ec, 5 \u00b5m, 125&#215;4,6 mm"},"content":{"rendered":"<p>Standard RP-Phase mit weiten Poren (300 \u00c5) zur Trennung von Biomolek\u00fclen in analytischen S\u00e4ulen. Diese Octadecyl-Modifizierung basiert auf dem hochreinen Kieselgel NUCLEODUR.<\/p>\n","protected":false},"excerpt":{"rendered":"<p>Standard RP-Phase mit weiten Poren (300 \u00c5) zur Trennung von Biomolek\u00fclen in analytischen S\u00e4ulen. Diese Octadecyl-Modifizierung basiert auf dem hochreinen Kieselgel NUCLEODUR.<\/p>\n","protected":false},"featured_media":17418,"comment_status":"open","ping_status":"closed","template":"","meta":[],"product_cat":[25,52,53],"product_tag":[],"class_list":{"0":"post-6759","1":"product","2":"type-product","3":"status-publish","4":"has-post-thumbnail","6":"product_cat-chromatographie","7":"product_cat-hplc-und-uhplc","8":"product_cat-hplc-und-uhplc-saeulen","10":"first","11":"instock","12":"shipping-taxable","13":"product-type-simple"},"_links":{"self":[{"href":"https:\/\/eam-scientific.com\/de\/wp-json\/wp\/v2\/product\/6759","targetHints":{"allow":["GET"]}}],"collection":[{"href":"https:\/\/eam-scientific.com\/de\/wp-json\/wp\/v2\/product"}],"about":[{"href":"https:\/\/eam-scientific.com\/de\/wp-json\/wp\/v2\/types\/product"}],"replies":[{"embeddable":true,"href":"https:\/\/eam-scientific.com\/de\/wp-json\/wp\/v2\/comments?post=6759"}],"wp:featuredmedia":[{"embeddable":true,"href":"https:\/\/eam-scientific.com\/de\/wp-json\/wp\/v2\/media\/17418"}],"wp:attachment":[{"href":"https:\/\/eam-scientific.com\/de\/wp-json\/wp\/v2\/media?parent=6759"}],"wp:term":[{"taxonomy":"product_cat","embeddable":true,"href":"https:\/\/eam-scientific.com\/de\/wp-json\/wp\/v2\/product_cat?post=6759"},{"taxonomy":"product_tag","embeddable":true,"href":"https:\/\/eam-scientific.com\/de\/wp-json\/wp\/v2\/product_tag?post=6759"}],"curies":[{"name":"wp","href":"https:\/\/api.w.org\/{rel}","templated":true}]}}