{"id":6786,"date":"2024-06-20T15:23:45","date_gmt":"2024-06-20T13:23:45","guid":{"rendered":"https:\/\/eam-scientific.com\/?post_type=product&#038;p=6786"},"modified":"2024-06-28T10:29:17","modified_gmt":"2024-06-28T08:29:17","slug":"ec-hplc-saeule-analytisch-nucleoshell-biphenyl-27-%c2%b5m-150x3-mm","status":"publish","type":"product","link":"https:\/\/eam-scientific.com\/de\/produkt\/ec-hplc-saeule-analytisch-nucleoshell-biphenyl-27-%c2%b5m-150x3-mm\/","title":{"rendered":"EC HPLC-S\u00e4ule (analytisch), NUCLEOSHELL Biphenyl, 2,7 \u00b5m, 150&#215;2 mm"},"content":{"rendered":"<p>Hydrophobe Phase mit alternativer Selektivit\u00e4t im Vergleich zu klassischen C18-Modifizierungen. Das Trennprinzip basiert auf zwei Retentionsmechanismen &#8211; \u03c0-\u03c0- und hydrophobe Wechselwirkungen. Dadurch wird eine bessere Retention von aromatischen und unges\u00e4ttigten Substanzen erreicht. Diese station\u00e4re HPLC-Phase basiert auf hochreinem NUCLEODUR-Kieselgel und zeigt eine hervorragende Leistungsf\u00e4higkeit unter sehr w\u00e4ssrigen Bedingungen.<\/p>\n","protected":false},"excerpt":{"rendered":"<p>Hydrophobe Phase mit alternativer Selektivit\u00e4t im Vergleich zu klassischen C18-Modifizierungen. Das Trennprinzip basiert auf zwei Retentionsmechanismen &#8211; \u03c0-\u03c0- und hydrophobe Wechselwirkungen. Dadurch wird eine bessere Retention von aromatischen und unges\u00e4ttigten Substanzen erreicht. Diese station\u00e4re HPLC-Phase basiert auf hochreinem NUCLEODUR-Kieselgel und zeigt eine hervorragende Leistungsf\u00e4higkeit unter sehr w\u00e4ssrigen Bedingungen.<\/p>\n","protected":false},"featured_media":17895,"comment_status":"open","ping_status":"closed","template":"","meta":[],"product_cat":[25,52,53],"product_tag":[],"class_list":{"0":"post-6786","1":"product","2":"type-product","3":"status-publish","4":"has-post-thumbnail","6":"product_cat-chromatographie","7":"product_cat-hplc-und-uhplc","8":"product_cat-hplc-und-uhplc-saeulen","10":"first","11":"instock","12":"shipping-taxable","13":"product-type-simple"},"_links":{"self":[{"href":"https:\/\/eam-scientific.com\/de\/wp-json\/wp\/v2\/product\/6786","targetHints":{"allow":["GET"]}}],"collection":[{"href":"https:\/\/eam-scientific.com\/de\/wp-json\/wp\/v2\/product"}],"about":[{"href":"https:\/\/eam-scientific.com\/de\/wp-json\/wp\/v2\/types\/product"}],"replies":[{"embeddable":true,"href":"https:\/\/eam-scientific.com\/de\/wp-json\/wp\/v2\/comments?post=6786"}],"wp:featuredmedia":[{"embeddable":true,"href":"https:\/\/eam-scientific.com\/de\/wp-json\/wp\/v2\/media\/17895"}],"wp:attachment":[{"href":"https:\/\/eam-scientific.com\/de\/wp-json\/wp\/v2\/media?parent=6786"}],"wp:term":[{"taxonomy":"product_cat","embeddable":true,"href":"https:\/\/eam-scientific.com\/de\/wp-json\/wp\/v2\/product_cat?post=6786"},{"taxonomy":"product_tag","embeddable":true,"href":"https:\/\/eam-scientific.com\/de\/wp-json\/wp\/v2\/product_tag?post=6786"}],"curies":[{"name":"wp","href":"https:\/\/api.w.org\/{rel}","templated":true}]}}