{"id":6818,"date":"2024-06-20T15:23:58","date_gmt":"2024-06-20T13:23:58","guid":{"rendered":"https:\/\/eam-scientific.com\/?post_type=product&#038;p=6818"},"modified":"2024-06-28T10:27:54","modified_gmt":"2024-06-28T08:27:54","slug":"vp-hplc-saeule-praeparativ-nucleogen-60-7-deae-7-%c2%b5m-125x10-mm","status":"publish","type":"product","link":"https:\/\/eam-scientific.com\/de\/produkt\/vp-hplc-saeule-praeparativ-nucleogen-60-7-deae-7-%c2%b5m-125x10-mm\/","title":{"rendered":"VP HPLC-S\u00e4ule (pr\u00e4parativ), NUCLEOGEN 60-7 DEAE, 7 \u00b5m, 125&#215;10 mm"},"content":{"rendered":"<p>HPLC-Phase auf Kieselgelbasis f\u00fcr die Anionenaustauschchromatographie von Nukleins\u00e4uren. Zur Trennung von Oligonukleotiden bis zu einer Kettenl\u00e4nge von 40 Basen mit Wiederfindung > 95 %. Kapazit\u00e4t 200 A260\/mL (~ 300 A260 f\u00fcr eine 125 x 4 mm ID-S\u00e4ule, 1875 A260 f\u00fcr eine 125 x 10 mm ID-S\u00e4ule). Pr\u00e4parative Trennung bei h\u00f6heren Durchflussraten und l\u00e4ngeren Gradientenzeiten m\u00f6glich.<\/p>\n","protected":false},"excerpt":{"rendered":"<p>HPLC-Phase auf Kieselgelbasis f\u00fcr die Anionenaustauschchromatographie von Nukleins\u00e4uren. Zur Trennung von Oligonukleotiden bis zu einer Kettenl\u00e4nge von 40 Basen mit Wiederfindung > 95 %. Kapazit\u00e4t 200 A260\/mL (~ 300 A260 f\u00fcr eine 125 x 4 mm ID-S\u00e4ule, 1875 A260 f\u00fcr eine 125 x 10 mm ID-S\u00e4ule). Pr\u00e4parative Trennung bei h\u00f6heren Durchflussraten und l\u00e4ngeren Gradientenzeiten m\u00f6glich.<\/p>\n","protected":false},"featured_media":6833,"comment_status":"open","ping_status":"closed","template":"","meta":[],"product_cat":[25,52,53],"product_tag":[],"class_list":{"0":"post-6818","1":"product","2":"type-product","3":"status-publish","4":"has-post-thumbnail","6":"product_cat-chromatographie","7":"product_cat-hplc-und-uhplc","8":"product_cat-hplc-und-uhplc-saeulen","10":"first","11":"instock","12":"shipping-taxable","13":"product-type-simple"},"_links":{"self":[{"href":"https:\/\/eam-scientific.com\/de\/wp-json\/wp\/v2\/product\/6818","targetHints":{"allow":["GET"]}}],"collection":[{"href":"https:\/\/eam-scientific.com\/de\/wp-json\/wp\/v2\/product"}],"about":[{"href":"https:\/\/eam-scientific.com\/de\/wp-json\/wp\/v2\/types\/product"}],"replies":[{"embeddable":true,"href":"https:\/\/eam-scientific.com\/de\/wp-json\/wp\/v2\/comments?post=6818"}],"wp:featuredmedia":[{"embeddable":true,"href":"https:\/\/eam-scientific.com\/de\/wp-json\/wp\/v2\/media\/6833"}],"wp:attachment":[{"href":"https:\/\/eam-scientific.com\/de\/wp-json\/wp\/v2\/media?parent=6818"}],"wp:term":[{"taxonomy":"product_cat","embeddable":true,"href":"https:\/\/eam-scientific.com\/de\/wp-json\/wp\/v2\/product_cat?post=6818"},{"taxonomy":"product_tag","embeddable":true,"href":"https:\/\/eam-scientific.com\/de\/wp-json\/wp\/v2\/product_tag?post=6818"}],"curies":[{"name":"wp","href":"https:\/\/api.w.org\/{rel}","templated":true}]}}