{"id":6819,"date":"2024-06-20T15:23:58","date_gmt":"2024-06-20T13:23:58","guid":{"rendered":"https:\/\/eam-scientific.com\/?post_type=product&#038;p=6819"},"modified":"2024-06-28T10:27:54","modified_gmt":"2024-06-28T08:27:54","slug":"va-hplc-saeule-analytisch-nucleogen-500-7-deae-7-%c2%b5m-125x6-mm","status":"publish","type":"product","link":"https:\/\/eam-scientific.com\/de\/produkt\/va-hplc-saeule-analytisch-nucleogen-500-7-deae-7-%c2%b5m-125x6-mm\/","title":{"rendered":"VA HPLC-S\u00e4ule (analytisch), NUCLEOGEN 500-7 DEAE, 7 \u00b5m, 125&#215;6 mm"},"content":{"rendered":"<p>HPLC-Phase auf Kieselgelbasis f\u00fcr die Anionenaustauschchromatographie von Nukleins\u00e4uren. Zur Trennung von tRNA, 5S-RNA, Viroiden und Messenger-RNA im mittleren Molekulargewichtsbereich (25000-1000000 Dalton) mit Wiederfindung &gt; 95 %. Kapazit\u00e4t 730 A260 f\u00fcr eine 125 x 6 mm ID-S\u00e4ule, 1940 A260 f\u00fcr eine 125 x 10 mm ID-S\u00e4ule.<\/p>\n","protected":false},"excerpt":{"rendered":"<p>HPLC-Phase auf Kieselgelbasis f\u00fcr die Anionenaustauschchromatographie von Nukleins\u00e4uren. Zur Trennung von tRNA, 5S-RNA, Viroiden und Messenger-RNA im mittleren Molekulargewichtsbereich (25000-1000000 Dalton) mit Wiederfindung &gt; 95 %. Kapazit\u00e4t 730 A260 f\u00fcr eine 125 x 6 mm ID-S\u00e4ule, 1940 A260 f\u00fcr eine 125 x 10 mm ID-S\u00e4ule.<\/p>\n","protected":false},"featured_media":6834,"comment_status":"open","ping_status":"closed","template":"","meta":[],"product_cat":[25,52,53],"product_tag":[],"class_list":{"0":"post-6819","1":"product","2":"type-product","3":"status-publish","4":"has-post-thumbnail","6":"product_cat-chromatographie","7":"product_cat-hplc-und-uhplc","8":"product_cat-hplc-und-uhplc-saeulen","10":"first","11":"instock","12":"shipping-taxable","13":"product-type-simple"},"_links":{"self":[{"href":"https:\/\/eam-scientific.com\/de\/wp-json\/wp\/v2\/product\/6819","targetHints":{"allow":["GET"]}}],"collection":[{"href":"https:\/\/eam-scientific.com\/de\/wp-json\/wp\/v2\/product"}],"about":[{"href":"https:\/\/eam-scientific.com\/de\/wp-json\/wp\/v2\/types\/product"}],"replies":[{"embeddable":true,"href":"https:\/\/eam-scientific.com\/de\/wp-json\/wp\/v2\/comments?post=6819"}],"wp:featuredmedia":[{"embeddable":true,"href":"https:\/\/eam-scientific.com\/de\/wp-json\/wp\/v2\/media\/6834"}],"wp:attachment":[{"href":"https:\/\/eam-scientific.com\/de\/wp-json\/wp\/v2\/media?parent=6819"}],"wp:term":[{"taxonomy":"product_cat","embeddable":true,"href":"https:\/\/eam-scientific.com\/de\/wp-json\/wp\/v2\/product_cat?post=6819"},{"taxonomy":"product_tag","embeddable":true,"href":"https:\/\/eam-scientific.com\/de\/wp-json\/wp\/v2\/product_tag?post=6819"}],"curies":[{"name":"wp","href":"https:\/\/api.w.org\/{rel}","templated":true}]}}