{"id":6838,"date":"2024-06-20T15:24:12","date_gmt":"2024-06-20T13:24:12","guid":{"rendered":"https:\/\/eam-scientific.com\/?post_type=product&#038;p=6838"},"modified":"2024-06-28T10:27:55","modified_gmt":"2024-06-28T08:27:55","slug":"ec-hplc-saeule-analytisch-nucleosil-100-5-c18-mpn-5-%c2%b5m-250x4-mm","status":"publish","type":"product","link":"https:\/\/eam-scientific.com\/de\/produkt\/ec-hplc-saeule-analytisch-nucleosil-100-5-c18-mpn-5-%c2%b5m-250x4-mm\/","title":{"rendered":"EC HPLC-S\u00e4ule (analytisch), NUCLEOSIL 100-5 C18 MPN, 5 \u00b5m, 250&#215;4 mm"},"content":{"rendered":"<p>Spezielle C18 (ODS) RP-Phase mit monomer gebundenen Alkylketten, &#8222;Brush-Typ&#8220; Struktur. Basierend auf dem original NUCLEOSIL Kieslegel. Dies ist eine der ersten sph\u00e4rischen Kieselgele f\u00fcr die HPLC und wurde 1974 von MACHEREY-NAGEL entwickelt. Es wird ausschlie\u00dflich in Deutschland hergestellt und ist nach wie vor eines der am h\u00e4ufigsten verwendeten HPLC-Kieselgele in der Qualit\u00e4tskontrolle weltweit. \u00dcberwiegend hydrophobe Wechselwirkungen mit einem geringen Anteil an hydrophilen Wechselwirkungen. Die dynamische Proteinbindungskapazit\u00e4t pro g Packung &#8211; 6 mg BSA, 110 mg Cytochrom C. Maximale Trenneffizienz kann erreicht werden, wenn die injizierte Proteinmasse 1-2 % der maximalen Proteinbeladbarkeit nicht \u00fcberschreitet.<\/p>\n","protected":false},"excerpt":{"rendered":"<p>Spezielle C18 (ODS) RP-Phase mit monomer gebundenen Alkylketten, &#8222;Brush-Typ&#8220; Struktur. Basierend auf dem original NUCLEOSIL Kieslegel. Dies ist eine der ersten sph\u00e4rischen Kieselgele f\u00fcr die HPLC und wurde 1974 von MACHEREY-NAGEL entwickelt. Es wird ausschlie\u00dflich in Deutschland hergestellt und ist nach wie vor eines der am h\u00e4ufigsten verwendeten HPLC-Kieselgele in der Qualit\u00e4tskontrolle weltweit. \u00dcberwiegend hydrophobe [&hellip;]<\/p>\n","protected":false},"featured_media":6865,"comment_status":"open","ping_status":"closed","template":"","meta":[],"product_cat":[25,52,53],"product_tag":[],"class_list":{"0":"post-6838","1":"product","2":"type-product","3":"status-publish","4":"has-post-thumbnail","6":"product_cat-chromatographie","7":"product_cat-hplc-und-uhplc","8":"product_cat-hplc-und-uhplc-saeulen","10":"first","11":"instock","12":"shipping-taxable","13":"product-type-simple"},"_links":{"self":[{"href":"https:\/\/eam-scientific.com\/de\/wp-json\/wp\/v2\/product\/6838","targetHints":{"allow":["GET"]}}],"collection":[{"href":"https:\/\/eam-scientific.com\/de\/wp-json\/wp\/v2\/product"}],"about":[{"href":"https:\/\/eam-scientific.com\/de\/wp-json\/wp\/v2\/types\/product"}],"replies":[{"embeddable":true,"href":"https:\/\/eam-scientific.com\/de\/wp-json\/wp\/v2\/comments?post=6838"}],"wp:featuredmedia":[{"embeddable":true,"href":"https:\/\/eam-scientific.com\/de\/wp-json\/wp\/v2\/media\/6865"}],"wp:attachment":[{"href":"https:\/\/eam-scientific.com\/de\/wp-json\/wp\/v2\/media?parent=6838"}],"wp:term":[{"taxonomy":"product_cat","embeddable":true,"href":"https:\/\/eam-scientific.com\/de\/wp-json\/wp\/v2\/product_cat?post=6838"},{"taxonomy":"product_tag","embeddable":true,"href":"https:\/\/eam-scientific.com\/de\/wp-json\/wp\/v2\/product_tag?post=6838"}],"curies":[{"name":"wp","href":"https:\/\/api.w.org\/{rel}","templated":true}]}}