{"id":6851,"date":"2024-06-20T15:24:12","date_gmt":"2024-06-20T13:24:12","guid":{"rendered":"https:\/\/eam-scientific.com\/?post_type=product&#038;p=6851"},"modified":"2024-06-28T10:27:56","modified_gmt":"2024-06-28T08:27:56","slug":"vp-hplc-saeule-praeparativ-nucleodur-c8-gravity-5-%c2%b5m-50x10-mm","status":"publish","type":"product","link":"https:\/\/eam-scientific.com\/de\/produkt\/vp-hplc-saeule-praeparativ-nucleodur-c8-gravity-5-%c2%b5m-50x10-mm\/","title":{"rendered":"VP HPLC-S\u00e4ule (pr\u00e4parativ), NUCLEODUR C8 Gravity, 5 \u00b5m, 50&#215;10 mm"},"content":{"rendered":"<p>Diese hochdichte C8-Phase auf Basis des hochreinen NUCLEODUR-Kieselgels mit Endcapping unterdr\u00fcckt unerw\u00fcnschte polare Wechselwirkungen zwischen der Kieselgel-Oberfl\u00e4che und der Probe, was &#8222;Gravity&#8220; besonders geeignet f\u00fcr die Trennung von basischen und anderen ionisierbaren Analyten macht. Aufgrund der verbesserten pH-Stabilit\u00e4t, LC\/MS-Eignung und hervorragender Basendesaktivierung (BDS) ist Sie die optimale Wahl f\u00fcr die Methodenentwicklung und wertvoll f\u00fcr RP-Anwendungen.<\/p>\n","protected":false},"excerpt":{"rendered":"<p>Diese hochdichte C8-Phase auf Basis des hochreinen NUCLEODUR-Kieselgels mit Endcapping unterdr\u00fcckt unerw\u00fcnschte polare Wechselwirkungen zwischen der Kieselgel-Oberfl\u00e4che und der Probe, was &#8222;Gravity&#8220; besonders geeignet f\u00fcr die Trennung von basischen und anderen ionisierbaren Analyten macht. Aufgrund der verbesserten pH-Stabilit\u00e4t, LC\/MS-Eignung und hervorragender Basendesaktivierung (BDS) ist Sie die optimale Wahl f\u00fcr die Methodenentwicklung und wertvoll f\u00fcr RP-Anwendungen.<\/p>\n","protected":false},"featured_media":6878,"comment_status":"open","ping_status":"closed","template":"","meta":[],"product_cat":[25,52,53],"product_tag":[],"class_list":{"0":"post-6851","1":"product","2":"type-product","3":"status-publish","4":"has-post-thumbnail","6":"product_cat-chromatographie","7":"product_cat-hplc-und-uhplc","8":"product_cat-hplc-und-uhplc-saeulen","10":"first","11":"instock","12":"shipping-taxable","13":"product-type-simple"},"_links":{"self":[{"href":"https:\/\/eam-scientific.com\/de\/wp-json\/wp\/v2\/product\/6851","targetHints":{"allow":["GET"]}}],"collection":[{"href":"https:\/\/eam-scientific.com\/de\/wp-json\/wp\/v2\/product"}],"about":[{"href":"https:\/\/eam-scientific.com\/de\/wp-json\/wp\/v2\/types\/product"}],"replies":[{"embeddable":true,"href":"https:\/\/eam-scientific.com\/de\/wp-json\/wp\/v2\/comments?post=6851"}],"wp:featuredmedia":[{"embeddable":true,"href":"https:\/\/eam-scientific.com\/de\/wp-json\/wp\/v2\/media\/6878"}],"wp:attachment":[{"href":"https:\/\/eam-scientific.com\/de\/wp-json\/wp\/v2\/media?parent=6851"}],"wp:term":[{"taxonomy":"product_cat","embeddable":true,"href":"https:\/\/eam-scientific.com\/de\/wp-json\/wp\/v2\/product_cat?post=6851"},{"taxonomy":"product_tag","embeddable":true,"href":"https:\/\/eam-scientific.com\/de\/wp-json\/wp\/v2\/product_tag?post=6851"}],"curies":[{"name":"wp","href":"https:\/\/api.w.org\/{rel}","templated":true}]}}