{"id":6854,"date":"2024-06-20T15:24:12","date_gmt":"2024-06-20T13:24:12","guid":{"rendered":"https:\/\/eam-scientific.com\/?post_type=product&#038;p=6854"},"modified":"2024-06-28T10:27:56","modified_gmt":"2024-06-28T08:27:56","slug":"vp-hplc-saeule-praeparativ-nucleodur-c18-isis-5-%c2%b5m-50x10-mm","status":"publish","type":"product","link":"https:\/\/eam-scientific.com\/de\/produkt\/vp-hplc-saeule-praeparativ-nucleodur-c18-isis-5-%c2%b5m-50x10-mm\/","title":{"rendered":"VP HPLC-S\u00e4ule (pr\u00e4parativ), NUCLEODUR C18 Isis, 5 \u00b5m, 50&#215;10 mm"},"content":{"rendered":"<p>Isis (aus dem Altgriechischen) ist eine G\u00f6ttin der \u00e4gyptischen Mythologie. Im g\u00f6ttlichen Reich spielte Isis eine ganz besondere Rolle &#8211; sie war die einzige G\u00f6ttin mit magischen Kr\u00e4ften. Die NUCLEODUR C18 Isis ist eine Octadecylsilylphase mit spezieller polymerer, quervernetzter Oberfl\u00e4chenmodifizierung und erm\u00f6glicht eine au\u00dfergew\u00f6hnliche sterische Selektivit\u00e4t. Diese &#8222;magische&#8220; Selektivit\u00e4t kann (o,p,m-) substituierte Aromaten trennen.<\/p>\n","protected":false},"excerpt":{"rendered":"<p>Isis (aus dem Altgriechischen) ist eine G\u00f6ttin der \u00e4gyptischen Mythologie. Im g\u00f6ttlichen Reich spielte Isis eine ganz besondere Rolle &#8211; sie war die einzige G\u00f6ttin mit magischen Kr\u00e4ften. Die NUCLEODUR C18 Isis ist eine Octadecylsilylphase mit spezieller polymerer, quervernetzter Oberfl\u00e4chenmodifizierung und erm\u00f6glicht eine au\u00dfergew\u00f6hnliche sterische Selektivit\u00e4t. Diese &#8222;magische&#8220; Selektivit\u00e4t kann (o,p,m-) substituierte Aromaten trennen.<\/p>\n","protected":false},"featured_media":6881,"comment_status":"open","ping_status":"closed","template":"","meta":[],"product_cat":[25,52,53],"product_tag":[],"class_list":{"0":"post-6854","1":"product","2":"type-product","3":"status-publish","4":"has-post-thumbnail","6":"product_cat-chromatographie","7":"product_cat-hplc-und-uhplc","8":"product_cat-hplc-und-uhplc-saeulen","10":"first","11":"instock","12":"shipping-taxable","13":"product-type-simple"},"_links":{"self":[{"href":"https:\/\/eam-scientific.com\/de\/wp-json\/wp\/v2\/product\/6854","targetHints":{"allow":["GET"]}}],"collection":[{"href":"https:\/\/eam-scientific.com\/de\/wp-json\/wp\/v2\/product"}],"about":[{"href":"https:\/\/eam-scientific.com\/de\/wp-json\/wp\/v2\/types\/product"}],"replies":[{"embeddable":true,"href":"https:\/\/eam-scientific.com\/de\/wp-json\/wp\/v2\/comments?post=6854"}],"wp:featuredmedia":[{"embeddable":true,"href":"https:\/\/eam-scientific.com\/de\/wp-json\/wp\/v2\/media\/6881"}],"wp:attachment":[{"href":"https:\/\/eam-scientific.com\/de\/wp-json\/wp\/v2\/media?parent=6854"}],"wp:term":[{"taxonomy":"product_cat","embeddable":true,"href":"https:\/\/eam-scientific.com\/de\/wp-json\/wp\/v2\/product_cat?post=6854"},{"taxonomy":"product_tag","embeddable":true,"href":"https:\/\/eam-scientific.com\/de\/wp-json\/wp\/v2\/product_tag?post=6854"}],"curies":[{"name":"wp","href":"https:\/\/api.w.org\/{rel}","templated":true}]}}