{"id":6857,"date":"2024-06-20T15:24:13","date_gmt":"2024-06-20T13:24:13","guid":{"rendered":"https:\/\/eam-scientific.com\/?post_type=product&#038;p=6857"},"modified":"2024-06-28T10:27:57","modified_gmt":"2024-06-28T08:27:57","slug":"vp-hplc-saeule-praeparativ-nucleodur-c18-pyramid-5-%c2%b5m-50x10-mm","status":"publish","type":"product","link":"https:\/\/eam-scientific.com\/de\/produkt\/vp-hplc-saeule-praeparativ-nucleodur-c18-pyramid-5-%c2%b5m-50x10-mm\/","title":{"rendered":"VP HPLC-S\u00e4ule (pr\u00e4parativ), NUCLEODUR C18 Pyramid, 5 \u00b5m, 50&#215;10 mm"},"content":{"rendered":"<p>Die \u00e4gyptischen Pyramiden wurden in der N\u00e4he des Nils erbaut, so dass die Steinbl\u00f6cke auf dem Wasserweg transportiert werden konnten. Die station\u00e4re Phase der NUCLEODUR C18 Pyramid basiert auf hochreinem Kieselgel und wird durch eine Octadecyl-Modifizierung mit polarem Endcapping modifiziert. Durch das polare Endcapping ist diese C18-Phase f\u00fcr w\u00e4ssrige Eluenten geeignet und wird auch als &#8222;Aquas\u00e4ule&#8220; bezeichnet.<\/p>\n","protected":false},"excerpt":{"rendered":"<p>Die \u00e4gyptischen Pyramiden wurden in der N\u00e4he des Nils erbaut, so dass die Steinbl\u00f6cke auf dem Wasserweg transportiert werden konnten. Die station\u00e4re Phase der NUCLEODUR C18 Pyramid basiert auf hochreinem Kieselgel und wird durch eine Octadecyl-Modifizierung mit polarem Endcapping modifiziert. Durch das polare Endcapping ist diese C18-Phase f\u00fcr w\u00e4ssrige Eluenten geeignet und wird auch als [&hellip;]<\/p>\n","protected":false},"featured_media":6884,"comment_status":"open","ping_status":"closed","template":"","meta":[],"product_cat":[25,52,53],"product_tag":[],"class_list":{"0":"post-6857","1":"product","2":"type-product","3":"status-publish","4":"has-post-thumbnail","6":"product_cat-chromatographie","7":"product_cat-hplc-und-uhplc","8":"product_cat-hplc-und-uhplc-saeulen","10":"first","11":"instock","12":"shipping-taxable","13":"product-type-simple"},"_links":{"self":[{"href":"https:\/\/eam-scientific.com\/de\/wp-json\/wp\/v2\/product\/6857","targetHints":{"allow":["GET"]}}],"collection":[{"href":"https:\/\/eam-scientific.com\/de\/wp-json\/wp\/v2\/product"}],"about":[{"href":"https:\/\/eam-scientific.com\/de\/wp-json\/wp\/v2\/types\/product"}],"replies":[{"embeddable":true,"href":"https:\/\/eam-scientific.com\/de\/wp-json\/wp\/v2\/comments?post=6857"}],"wp:featuredmedia":[{"embeddable":true,"href":"https:\/\/eam-scientific.com\/de\/wp-json\/wp\/v2\/media\/6884"}],"wp:attachment":[{"href":"https:\/\/eam-scientific.com\/de\/wp-json\/wp\/v2\/media?parent=6857"}],"wp:term":[{"taxonomy":"product_cat","embeddable":true,"href":"https:\/\/eam-scientific.com\/de\/wp-json\/wp\/v2\/product_cat?post=6857"},{"taxonomy":"product_tag","embeddable":true,"href":"https:\/\/eam-scientific.com\/de\/wp-json\/wp\/v2\/product_tag?post=6857"}],"curies":[{"name":"wp","href":"https:\/\/api.w.org\/{rel}","templated":true}]}}