{"id":6899,"date":"2024-06-20T15:24:35","date_gmt":"2024-06-20T13:24:35","guid":{"rendered":"https:\/\/eam-scientific.com\/?post_type=product&#038;p=6899"},"modified":"2024-06-28T10:27:59","modified_gmt":"2024-06-28T08:27:59","slug":"vp-hplc-saeule-praeparativ-nucleodur-c18-htec-10-%c2%b5m-50x10-mm","status":"publish","type":"product","link":"https:\/\/eam-scientific.com\/de\/produkt\/vp-hplc-saeule-praeparativ-nucleodur-c18-htec-10-%c2%b5m-50x10-mm\/","title":{"rendered":"VP HPLC-S\u00e4ule (pr\u00e4parativ), NUCLEODUR C18 HTec, 10 \u00b5m, 50&#215;10 mm"},"content":{"rendered":"<p>Aufgrund der hohen Beladbarkeit und weiterer Eigenschaften wie z.B. der ausgezeichneten Stabilit\u00e4t sind diese HPLC-S\u00e4ulen mit hochreinem NUCLEODUR C18 HTec Kieselgel die erste Wahl f\u00fcr das Up-Scaling auf den pr\u00e4parativen Ma\u00dfstab.<\/p>\n","protected":false},"excerpt":{"rendered":"<p>Aufgrund der hohen Beladbarkeit und weiterer Eigenschaften wie z.B. der ausgezeichneten Stabilit\u00e4t sind diese HPLC-S\u00e4ulen mit hochreinem NUCLEODUR C18 HTec Kieselgel die erste Wahl f\u00fcr das Up-Scaling auf den pr\u00e4parativen Ma\u00dfstab.<\/p>\n","protected":false},"featured_media":6923,"comment_status":"open","ping_status":"closed","template":"","meta":[],"product_cat":[25,52,53],"product_tag":[],"class_list":{"0":"post-6899","1":"product","2":"type-product","3":"status-publish","4":"has-post-thumbnail","6":"product_cat-chromatographie","7":"product_cat-hplc-und-uhplc","8":"product_cat-hplc-und-uhplc-saeulen","10":"first","11":"instock","12":"shipping-taxable","13":"product-type-simple"},"_links":{"self":[{"href":"https:\/\/eam-scientific.com\/de\/wp-json\/wp\/v2\/product\/6899","targetHints":{"allow":["GET"]}}],"collection":[{"href":"https:\/\/eam-scientific.com\/de\/wp-json\/wp\/v2\/product"}],"about":[{"href":"https:\/\/eam-scientific.com\/de\/wp-json\/wp\/v2\/types\/product"}],"replies":[{"embeddable":true,"href":"https:\/\/eam-scientific.com\/de\/wp-json\/wp\/v2\/comments?post=6899"}],"wp:featuredmedia":[{"embeddable":true,"href":"https:\/\/eam-scientific.com\/de\/wp-json\/wp\/v2\/media\/6923"}],"wp:attachment":[{"href":"https:\/\/eam-scientific.com\/de\/wp-json\/wp\/v2\/media?parent=6899"}],"wp:term":[{"taxonomy":"product_cat","embeddable":true,"href":"https:\/\/eam-scientific.com\/de\/wp-json\/wp\/v2\/product_cat?post=6899"},{"taxonomy":"product_tag","embeddable":true,"href":"https:\/\/eam-scientific.com\/de\/wp-json\/wp\/v2\/product_tag?post=6899"}],"curies":[{"name":"wp","href":"https:\/\/api.w.org\/{rel}","templated":true}]}}