{"id":6903,"date":"2024-06-20T15:24:35","date_gmt":"2024-06-20T13:24:35","guid":{"rendered":"https:\/\/eam-scientific.com\/?post_type=product&#038;p=6903"},"modified":"2024-06-28T10:29:20","modified_gmt":"2024-06-28T08:29:20","slug":"vp-hplc-vorsaeule-praeparativ-nucleodur-c18-htec-15x50-mm","status":"publish","type":"product","link":"https:\/\/eam-scientific.com\/de\/produkt\/vp-hplc-vorsaeule-praeparativ-nucleodur-c18-htec-15x50-mm\/","title":{"rendered":"VP HPLC-Vors\u00e4ule (pr\u00e4parativ), NUCLEODUR C18 HTec, 15&#215;32 mm"},"content":{"rendered":"<p>Zum Schutz Ihrer HPLC-Haupts\u00e4ule vor Verunreinigungen wird die Verwendung von Vors\u00e4ulen empfohlen. Diese kurzen S\u00e4ulen werden in einen Vors\u00e4ulenhalter eingesetzt. Der Vors\u00e4ulenhalter in Kombination mit einer eingesetzten Vors\u00e4ule wird zwischen Injektor und HPLC-S\u00e4ule montiert. Diese Installation verhindert, dass chemische Verunreinigungen in die Haupts\u00e4ule gelangen. Denn eine Verunreinigung k\u00f6nnte eine irreversible Verbindung mit dem S\u00e4ulenpackmaterial eingehen (station\u00e4re Phase) und dies kann zu einer k\u00fcrzeren Lebensdauer der Haupts\u00e4ule f\u00fchren. Wenn Sie die Lebensdauer Ihrer Haupts\u00e4ule verl\u00e4ngern wollen, k\u00f6nnen Ihnen diese Vors\u00e4ulen dabei helfen.<\/p>\n","protected":false},"excerpt":{"rendered":"<p>Zum Schutz Ihrer HPLC-Haupts\u00e4ule vor Verunreinigungen wird die Verwendung von Vors\u00e4ulen empfohlen. Diese kurzen S\u00e4ulen werden in einen Vors\u00e4ulenhalter eingesetzt. Der Vors\u00e4ulenhalter in Kombination mit einer eingesetzten Vors\u00e4ule wird zwischen Injektor und HPLC-S\u00e4ule montiert. Diese Installation verhindert, dass chemische Verunreinigungen in die Haupts\u00e4ule gelangen. Denn eine Verunreinigung k\u00f6nnte eine irreversible Verbindung mit dem S\u00e4ulenpackmaterial eingehen [&hellip;]<\/p>\n","protected":false},"featured_media":17904,"comment_status":"open","ping_status":"closed","template":"","meta":[],"product_cat":[25,52,53],"product_tag":[],"class_list":{"0":"post-6903","1":"product","2":"type-product","3":"status-publish","4":"has-post-thumbnail","6":"product_cat-chromatographie","7":"product_cat-hplc-und-uhplc","8":"product_cat-hplc-und-uhplc-saeulen","10":"first","11":"instock","12":"shipping-taxable","13":"product-type-simple"},"_links":{"self":[{"href":"https:\/\/eam-scientific.com\/de\/wp-json\/wp\/v2\/product\/6903","targetHints":{"allow":["GET"]}}],"collection":[{"href":"https:\/\/eam-scientific.com\/de\/wp-json\/wp\/v2\/product"}],"about":[{"href":"https:\/\/eam-scientific.com\/de\/wp-json\/wp\/v2\/types\/product"}],"replies":[{"embeddable":true,"href":"https:\/\/eam-scientific.com\/de\/wp-json\/wp\/v2\/comments?post=6903"}],"wp:featuredmedia":[{"embeddable":true,"href":"https:\/\/eam-scientific.com\/de\/wp-json\/wp\/v2\/media\/17904"}],"wp:attachment":[{"href":"https:\/\/eam-scientific.com\/de\/wp-json\/wp\/v2\/media?parent=6903"}],"wp:term":[{"taxonomy":"product_cat","embeddable":true,"href":"https:\/\/eam-scientific.com\/de\/wp-json\/wp\/v2\/product_cat?post=6903"},{"taxonomy":"product_tag","embeddable":true,"href":"https:\/\/eam-scientific.com\/de\/wp-json\/wp\/v2\/product_tag?post=6903"}],"curies":[{"name":"wp","href":"https:\/\/api.w.org\/{rel}","templated":true}]}}