{"id":6906,"date":"2024-06-20T15:24:35","date_gmt":"2024-06-20T13:24:35","guid":{"rendered":"https:\/\/eam-scientific.com\/?post_type=product&#038;p=6906"},"modified":"2024-06-28T10:28:08","modified_gmt":"2024-06-28T08:28:08","slug":"vp-hplc-saeule-praeparativ-nucleodur-polartec-5-%c2%b5m-250x10-mm","status":"publish","type":"product","link":"https:\/\/eam-scientific.com\/de\/produkt\/vp-hplc-saeule-praeparativ-nucleodur-polartec-5-%c2%b5m-250x10-mm\/","title":{"rendered":"VP HPLC-S\u00e4ule (pr\u00e4parativ), NUCLEODUR PolarTec, 5 \u00b5m, 250&#215;21 mm"},"content":{"rendered":"<p>Basierend auf dem hochreinen Kieselgel NUCLEODUR wurde eine polare Gruppe in eine hydrophobe C18-Modifizierung eingebettet. Infolgedessen zeigt diese HPLC-Phase eine sterische sowie eine erh\u00f6hte polare Selektivit\u00e4t. Diese HPLC-Phase zeigt eine gute Leistungsf\u00e4higlkeit unter stark w\u00e4ssrigen Bedingungen. Es handelt sich um eine hydrophobe Phase mit ausgepr\u00e4gten hydrophilen Eigenschaften. Trennmechanismus basierend auf hydrophoben (van der Waals) und polaren Wechselwirkungen. Geeignet f\u00fcr LC\/MS.<\/p>\n","protected":false},"excerpt":{"rendered":"<p>Basierend auf dem hochreinen Kieselgel NUCLEODUR wurde eine polare Gruppe in eine hydrophobe C18-Modifizierung eingebettet. Infolgedessen zeigt diese HPLC-Phase eine sterische sowie eine erh\u00f6hte polare Selektivit\u00e4t. Diese HPLC-Phase zeigt eine gute Leistungsf\u00e4higlkeit unter stark w\u00e4ssrigen Bedingungen. Es handelt sich um eine hydrophobe Phase mit ausgepr\u00e4gten hydrophilen Eigenschaften. Trennmechanismus basierend auf hydrophoben (van der Waals) und [&hellip;]<\/p>\n","protected":false},"featured_media":17553,"comment_status":"open","ping_status":"closed","template":"","meta":[],"product_cat":[25,52,53],"product_tag":[],"class_list":{"0":"post-6906","1":"product","2":"type-product","3":"status-publish","4":"has-post-thumbnail","6":"product_cat-chromatographie","7":"product_cat-hplc-und-uhplc","8":"product_cat-hplc-und-uhplc-saeulen","10":"first","11":"instock","12":"shipping-taxable","13":"product-type-simple"},"_links":{"self":[{"href":"https:\/\/eam-scientific.com\/de\/wp-json\/wp\/v2\/product\/6906","targetHints":{"allow":["GET"]}}],"collection":[{"href":"https:\/\/eam-scientific.com\/de\/wp-json\/wp\/v2\/product"}],"about":[{"href":"https:\/\/eam-scientific.com\/de\/wp-json\/wp\/v2\/types\/product"}],"replies":[{"embeddable":true,"href":"https:\/\/eam-scientific.com\/de\/wp-json\/wp\/v2\/comments?post=6906"}],"wp:featuredmedia":[{"embeddable":true,"href":"https:\/\/eam-scientific.com\/de\/wp-json\/wp\/v2\/media\/17553"}],"wp:attachment":[{"href":"https:\/\/eam-scientific.com\/de\/wp-json\/wp\/v2\/media?parent=6906"}],"wp:term":[{"taxonomy":"product_cat","embeddable":true,"href":"https:\/\/eam-scientific.com\/de\/wp-json\/wp\/v2\/product_cat?post=6906"},{"taxonomy":"product_tag","embeddable":true,"href":"https:\/\/eam-scientific.com\/de\/wp-json\/wp\/v2\/product_tag?post=6906"}],"curies":[{"name":"wp","href":"https:\/\/api.w.org\/{rel}","templated":true}]}}