{"id":6941,"date":"2024-06-20T15:24:55","date_gmt":"2024-06-20T13:24:55","guid":{"rendered":"https:\/\/eam-scientific.com\/?post_type=product&#038;p=6941"},"modified":"2024-06-28T10:28:02","modified_gmt":"2024-06-28T08:28:02","slug":"vp-hplc-saeule-praeparativ-nucleodur-c18-ec-10-%c2%b5m-50x10-mm","status":"publish","type":"product","link":"https:\/\/eam-scientific.com\/de\/produkt\/vp-hplc-saeule-praeparativ-nucleodur-c18-ec-10-%c2%b5m-50x10-mm\/","title":{"rendered":"VP HPLC-S\u00e4ule (pr\u00e4parativ), NUCLEODUR C18 ec, 10 \u00b5m, 50&#215;10 mm"},"content":{"rendered":"<p>Standard RP-Phase (110 \u00c5) f\u00fcr die t\u00e4gliche Routineanalytik und Up-Scaling auf pr\u00e4parative HPLC. Auch weitporig (300 \u00c5) zur Trennung von Biomolek\u00fclen in analytischen S\u00e4ulen erh\u00e4ltlich. Diese Octadecyl-Modifizierung basiert auf dem hochreinen Kieselgel NUCLEODUR.<\/p>\n","protected":false},"excerpt":{"rendered":"<p>Standard RP-Phase (110 \u00c5) f\u00fcr die t\u00e4gliche Routineanalytik und Up-Scaling auf pr\u00e4parative HPLC. Auch weitporig (300 \u00c5) zur Trennung von Biomolek\u00fclen in analytischen S\u00e4ulen erh\u00e4ltlich. Diese Octadecyl-Modifizierung basiert auf dem hochreinen Kieselgel NUCLEODUR.<\/p>\n","protected":false},"featured_media":6957,"comment_status":"open","ping_status":"closed","template":"","meta":[],"product_cat":[25,52,53],"product_tag":[],"class_list":{"0":"post-6941","1":"product","2":"type-product","3":"status-publish","4":"has-post-thumbnail","6":"product_cat-chromatographie","7":"product_cat-hplc-und-uhplc","8":"product_cat-hplc-und-uhplc-saeulen","10":"first","11":"instock","12":"shipping-taxable","13":"product-type-simple"},"_links":{"self":[{"href":"https:\/\/eam-scientific.com\/de\/wp-json\/wp\/v2\/product\/6941","targetHints":{"allow":["GET"]}}],"collection":[{"href":"https:\/\/eam-scientific.com\/de\/wp-json\/wp\/v2\/product"}],"about":[{"href":"https:\/\/eam-scientific.com\/de\/wp-json\/wp\/v2\/types\/product"}],"replies":[{"embeddable":true,"href":"https:\/\/eam-scientific.com\/de\/wp-json\/wp\/v2\/comments?post=6941"}],"wp:featuredmedia":[{"embeddable":true,"href":"https:\/\/eam-scientific.com\/de\/wp-json\/wp\/v2\/media\/6957"}],"wp:attachment":[{"href":"https:\/\/eam-scientific.com\/de\/wp-json\/wp\/v2\/media?parent=6941"}],"wp:term":[{"taxonomy":"product_cat","embeddable":true,"href":"https:\/\/eam-scientific.com\/de\/wp-json\/wp\/v2\/product_cat?post=6941"},{"taxonomy":"product_tag","embeddable":true,"href":"https:\/\/eam-scientific.com\/de\/wp-json\/wp\/v2\/product_tag?post=6941"}],"curies":[{"name":"wp","href":"https:\/\/api.w.org\/{rel}","templated":true}]}}