{"id":6946,"date":"2024-06-20T15:24:55","date_gmt":"2024-06-20T13:24:55","guid":{"rendered":"https:\/\/eam-scientific.com\/?post_type=product&#038;p=6946"},"modified":"2024-06-28T10:28:02","modified_gmt":"2024-06-28T08:28:02","slug":"vp-hplc-saeule-praeparativ-nucleodur-100-5-c8-ec-5-%c2%b5m-50x10-mm","status":"publish","type":"product","link":"https:\/\/eam-scientific.com\/de\/produkt\/vp-hplc-saeule-praeparativ-nucleodur-100-5-c8-ec-5-%c2%b5m-50x10-mm\/","title":{"rendered":"VP HPLC-S\u00e4ule (pr\u00e4parativ), NUCLEODUR 100-5 C8 ec, 5 \u00b5m, 50&#215;10 mm"},"content":{"rendered":"<p>Standard RP-Phase f\u00fcr die t\u00e4gliche Routineanalytik und Up-Scaling auf die pr\u00e4parative HPLC. Die Octyl-Modifizierung basiert auf dem hochreinen Kieselgel NUCLEODUR. C8 weist im Vergleich zu C18 (Octadecylsilan, ODS) eine geringere Retention von hydrophoben Verbindungen auf.<\/p>\n","protected":false},"excerpt":{"rendered":"<p>Standard RP-Phase f\u00fcr die t\u00e4gliche Routineanalytik und Up-Scaling auf die pr\u00e4parative HPLC. Die Octyl-Modifizierung basiert auf dem hochreinen Kieselgel NUCLEODUR. C8 weist im Vergleich zu C18 (Octadecylsilan, ODS) eine geringere Retention von hydrophoben Verbindungen auf.<\/p>\n","protected":false},"featured_media":6962,"comment_status":"open","ping_status":"closed","template":"","meta":[],"product_cat":[25,52,53],"product_tag":[],"class_list":{"0":"post-6946","1":"product","2":"type-product","3":"status-publish","4":"has-post-thumbnail","6":"product_cat-chromatographie","7":"product_cat-hplc-und-uhplc","8":"product_cat-hplc-und-uhplc-saeulen","10":"first","11":"instock","12":"shipping-taxable","13":"product-type-simple"},"_links":{"self":[{"href":"https:\/\/eam-scientific.com\/de\/wp-json\/wp\/v2\/product\/6946","targetHints":{"allow":["GET"]}}],"collection":[{"href":"https:\/\/eam-scientific.com\/de\/wp-json\/wp\/v2\/product"}],"about":[{"href":"https:\/\/eam-scientific.com\/de\/wp-json\/wp\/v2\/types\/product"}],"replies":[{"embeddable":true,"href":"https:\/\/eam-scientific.com\/de\/wp-json\/wp\/v2\/comments?post=6946"}],"wp:featuredmedia":[{"embeddable":true,"href":"https:\/\/eam-scientific.com\/de\/wp-json\/wp\/v2\/media\/6962"}],"wp:attachment":[{"href":"https:\/\/eam-scientific.com\/de\/wp-json\/wp\/v2\/media?parent=6946"}],"wp:term":[{"taxonomy":"product_cat","embeddable":true,"href":"https:\/\/eam-scientific.com\/de\/wp-json\/wp\/v2\/product_cat?post=6946"},{"taxonomy":"product_tag","embeddable":true,"href":"https:\/\/eam-scientific.com\/de\/wp-json\/wp\/v2\/product_tag?post=6946"}],"curies":[{"name":"wp","href":"https:\/\/api.w.org\/{rel}","templated":true}]}}