{"id":6982,"date":"2024-06-20T15:25:11","date_gmt":"2024-06-20T13:25:11","guid":{"rendered":"https:\/\/eam-scientific.com\/?post_type=product&#038;p=6982"},"modified":"2024-06-28T10:28:25","modified_gmt":"2024-06-28T08:28:25","slug":"va-hplc-vorsaeule-analytisch-ps-dvb-polymer-nucleogel-gpc-10-%c2%b5m-50x77-mm","status":"publish","type":"product","link":"https:\/\/eam-scientific.com\/de\/produkt\/va-hplc-vorsaeule-analytisch-ps-dvb-polymer-nucleogel-gpc-10-%c2%b5m-50x77-mm\/","title":{"rendered":"VA HPLC-Vors\u00e4ule (analytisch), PS\/DVB Polymer, NUCLEOGEL GPC, 10 \u00b5m, 50&#215;7,7 mm"},"content":{"rendered":"<p>Column Protection f\u00fcr NUCLEOGEL GPC-S\u00e4ulen. S\u00e4ulen auf Polymerbasis f\u00fcr die Gr\u00f6\u00dfenausschluss-Chromatographie (SEC) oder Gel-Permeations-Chromatographie (GPC) von wasserunl\u00f6slichen Substanzen. Hochquervernetzte makropor\u00f6se, sph\u00e4rische Polystyrol-Divinylbenzol-Polymermatrix mit guter mechanischer Stabilit\u00e4t.<\/p>\n","protected":false},"excerpt":{"rendered":"<p>Column Protection f\u00fcr NUCLEOGEL GPC-S\u00e4ulen. S\u00e4ulen auf Polymerbasis f\u00fcr die Gr\u00f6\u00dfenausschluss-Chromatographie (SEC) oder Gel-Permeations-Chromatographie (GPC) von wasserunl\u00f6slichen Substanzen. Hochquervernetzte makropor\u00f6se, sph\u00e4rische Polystyrol-Divinylbenzol-Polymermatrix mit guter mechanischer Stabilit\u00e4t.<\/p>\n","protected":false},"featured_media":7002,"comment_status":"open","ping_status":"closed","template":"","meta":[],"product_cat":[25,52,53],"product_tag":[],"class_list":{"0":"post-6982","1":"product","2":"type-product","3":"status-publish","4":"has-post-thumbnail","6":"product_cat-chromatographie","7":"product_cat-hplc-und-uhplc","8":"product_cat-hplc-und-uhplc-saeulen","10":"first","11":"instock","12":"shipping-taxable","13":"product-type-simple"},"_links":{"self":[{"href":"https:\/\/eam-scientific.com\/de\/wp-json\/wp\/v2\/product\/6982","targetHints":{"allow":["GET"]}}],"collection":[{"href":"https:\/\/eam-scientific.com\/de\/wp-json\/wp\/v2\/product"}],"about":[{"href":"https:\/\/eam-scientific.com\/de\/wp-json\/wp\/v2\/types\/product"}],"replies":[{"embeddable":true,"href":"https:\/\/eam-scientific.com\/de\/wp-json\/wp\/v2\/comments?post=6982"}],"wp:featuredmedia":[{"embeddable":true,"href":"https:\/\/eam-scientific.com\/de\/wp-json\/wp\/v2\/media\/7002"}],"wp:attachment":[{"href":"https:\/\/eam-scientific.com\/de\/wp-json\/wp\/v2\/media?parent=6982"}],"wp:term":[{"taxonomy":"product_cat","embeddable":true,"href":"https:\/\/eam-scientific.com\/de\/wp-json\/wp\/v2\/product_cat?post=6982"},{"taxonomy":"product_tag","embeddable":true,"href":"https:\/\/eam-scientific.com\/de\/wp-json\/wp\/v2\/product_tag?post=6982"}],"curies":[{"name":"wp","href":"https:\/\/api.w.org\/{rel}","templated":true}]}}