{"id":7030,"date":"2024-06-20T15:25:28","date_gmt":"2024-06-20T13:25:28","guid":{"rendered":"https:\/\/eam-scientific.com\/?post_type=product&#038;p=7030"},"modified":"2024-06-28T10:28:49","modified_gmt":"2024-06-28T08:28:49","slug":"ec-hplc-saeule-analytisch-nucleosil-100-7-c6h5-7-%c2%b5m-250x46-mm","status":"publish","type":"product","link":"https:\/\/eam-scientific.com\/de\/produkt\/ec-hplc-saeule-analytisch-nucleosil-100-7-c6h5-7-%c2%b5m-250x46-mm\/","title":{"rendered":"EC HPLC-S\u00e4ule (analytisch), NUCLEOSIL 100-7 C6H5, 7 \u00b5m, 250&#215;4,6 mm"},"content":{"rendered":"<p>Relativ unpolare Phase f\u00fcr die RP- und Ionenpaar-Chromatographie. Polarit\u00e4t \u00e4hnlich der C8, jedoch mit unterschiedlicher Selektivit\u00e4t f\u00fcr polyzyklische aromatische Kohlenwasserstoffe, polare Aromaten, Fetts\u00e4uren etc. Trennmechanismus basierend auf \u03c0-\u03c0- und hydrophoben (van der Waals) Wechselwirkungen, leichte Restsilanol-Interaktionen. Basierend auf dem original NUCLEOSIL Kieselgel. Dies ist eine der ersten sph\u00e4rischen Kieselgele f\u00fcr die HPLC und wurde 1974 von MACHEREY-NAGEL entwickelt. Es wird ausschlie\u00dflich in Deutschland hergestellt und ist nach wie vor eines der am h\u00e4ufigsten verwendeten HPLC-Kieselgele in der Qualit\u00e4tskontrolle weltweit.<\/p>\n","protected":false},"excerpt":{"rendered":"<p>Relativ unpolare Phase f\u00fcr die RP- und Ionenpaar-Chromatographie. Polarit\u00e4t \u00e4hnlich der C8, jedoch mit unterschiedlicher Selektivit\u00e4t f\u00fcr polyzyklische aromatische Kohlenwasserstoffe, polare Aromaten, Fetts\u00e4uren etc. Trennmechanismus basierend auf \u03c0-\u03c0- und hydrophoben (van der Waals) Wechselwirkungen, leichte Restsilanol-Interaktionen. Basierend auf dem original NUCLEOSIL Kieselgel. Dies ist eine der ersten sph\u00e4rischen Kieselgele f\u00fcr die HPLC und wurde 1974 [&hellip;]<\/p>\n","protected":false},"featured_media":7046,"comment_status":"open","ping_status":"closed","template":"","meta":[],"product_cat":[25,52,53],"product_tag":[],"class_list":{"0":"post-7030","1":"product","2":"type-product","3":"status-publish","4":"has-post-thumbnail","6":"product_cat-chromatographie","7":"product_cat-hplc-und-uhplc","8":"product_cat-hplc-und-uhplc-saeulen","10":"first","11":"instock","12":"shipping-taxable","13":"product-type-simple"},"_links":{"self":[{"href":"https:\/\/eam-scientific.com\/de\/wp-json\/wp\/v2\/product\/7030","targetHints":{"allow":["GET"]}}],"collection":[{"href":"https:\/\/eam-scientific.com\/de\/wp-json\/wp\/v2\/product"}],"about":[{"href":"https:\/\/eam-scientific.com\/de\/wp-json\/wp\/v2\/types\/product"}],"replies":[{"embeddable":true,"href":"https:\/\/eam-scientific.com\/de\/wp-json\/wp\/v2\/comments?post=7030"}],"wp:featuredmedia":[{"embeddable":true,"href":"https:\/\/eam-scientific.com\/de\/wp-json\/wp\/v2\/media\/7046"}],"wp:attachment":[{"href":"https:\/\/eam-scientific.com\/de\/wp-json\/wp\/v2\/media?parent=7030"}],"wp:term":[{"taxonomy":"product_cat","embeddable":true,"href":"https:\/\/eam-scientific.com\/de\/wp-json\/wp\/v2\/product_cat?post=7030"},{"taxonomy":"product_tag","embeddable":true,"href":"https:\/\/eam-scientific.com\/de\/wp-json\/wp\/v2\/product_tag?post=7030"}],"curies":[{"name":"wp","href":"https:\/\/api.w.org\/{rel}","templated":true}]}}