{"id":7031,"date":"2024-06-20T15:25:28","date_gmt":"2024-06-20T13:25:28","guid":{"rendered":"https:\/\/eam-scientific.com\/?post_type=product&#038;p=7031"},"modified":"2024-06-28T10:28:49","modified_gmt":"2024-06-28T08:28:49","slug":"ec-hplc-saeule-analytisch-nucleosil-100-5-cn-rp-5-%c2%b5m-250x4-mm","status":"publish","type":"product","link":"https:\/\/eam-scientific.com\/de\/produkt\/ec-hplc-saeule-analytisch-nucleosil-100-5-cn-rp-5-%c2%b5m-250x4-mm\/","title":{"rendered":"EC HPLC-S\u00e4ule (analytisch), NUCLEOSIL 100-5 CN-RP, 5 \u00b5m, 250&#215;4 mm"},"content":{"rendered":"<p>Die Cyanopropylphase ist in der Lage ein deutlich erkennbares anderes Retentionsverhalten als rein alkylfunktionalisierte Oberfl\u00e4chenmodifizierungen zu bewirken. Die Polarit\u00e4t kann als intermedi\u00e4r klassifiziert werden, basierend auf mehreren Retentionsmechanismen wie Dipol-Dipol-, \u03c0-\u03c0- und auch hydrophoben Wechselwirkungen. Daher zeigen CN-Phasen eine ausgepr\u00e4gte Selektivit\u00e4t sowohl f\u00fcr polare organische Verbindungen als auch f\u00fcr Molek\u00fcle, die \u03c0-Elektronensysteme enthalten (z.B. Analyten mit Doppelbindungen). Diese HPLC-Phase kann sowohl im RP-Modus mit w\u00e4ssrig-organischen Eluentengemischen als auch im NP-Modus betrieben werden, z.B. mit Hexan als mobiler Phase. Die HPLC-S\u00e4ule ist mit einer CN-Modifizierung gepackt, die auf dem original NUCLEOSIL Kieselgel basiert. Dies ist eine der ersten sph\u00e4rischen Kieselgele f\u00fcr die HPLC und wurde 1974 von MACHEREY-NAGEL entwickelt. Es wird ausschlie\u00dflich in Deutschland hergestellt und ist nach wie vor eines der am h\u00e4ufigsten verwendeten HPLC-Kieselgele in der Qualit\u00e4tskontrolle weltweit.<\/p>\n","protected":false},"excerpt":{"rendered":"<p>Die Cyanopropylphase ist in der Lage ein deutlich erkennbares anderes Retentionsverhalten als rein alkylfunktionalisierte Oberfl\u00e4chenmodifizierungen zu bewirken. Die Polarit\u00e4t kann als intermedi\u00e4r klassifiziert werden, basierend auf mehreren Retentionsmechanismen wie Dipol-Dipol-, \u03c0-\u03c0- und auch hydrophoben Wechselwirkungen. Daher zeigen CN-Phasen eine ausgepr\u00e4gte Selektivit\u00e4t sowohl f\u00fcr polare organische Verbindungen als auch f\u00fcr Molek\u00fcle, die \u03c0-Elektronensysteme enthalten (z.B. Analyten [&hellip;]<\/p>\n","protected":false},"featured_media":7047,"comment_status":"open","ping_status":"closed","template":"","meta":[],"product_cat":[25,52,53],"product_tag":[],"class_list":{"0":"post-7031","1":"product","2":"type-product","3":"status-publish","4":"has-post-thumbnail","6":"product_cat-chromatographie","7":"product_cat-hplc-und-uhplc","8":"product_cat-hplc-und-uhplc-saeulen","10":"first","11":"instock","12":"shipping-taxable","13":"product-type-simple"},"_links":{"self":[{"href":"https:\/\/eam-scientific.com\/de\/wp-json\/wp\/v2\/product\/7031","targetHints":{"allow":["GET"]}}],"collection":[{"href":"https:\/\/eam-scientific.com\/de\/wp-json\/wp\/v2\/product"}],"about":[{"href":"https:\/\/eam-scientific.com\/de\/wp-json\/wp\/v2\/types\/product"}],"replies":[{"embeddable":true,"href":"https:\/\/eam-scientific.com\/de\/wp-json\/wp\/v2\/comments?post=7031"}],"wp:featuredmedia":[{"embeddable":true,"href":"https:\/\/eam-scientific.com\/de\/wp-json\/wp\/v2\/media\/7047"}],"wp:attachment":[{"href":"https:\/\/eam-scientific.com\/de\/wp-json\/wp\/v2\/media?parent=7031"}],"wp:term":[{"taxonomy":"product_cat","embeddable":true,"href":"https:\/\/eam-scientific.com\/de\/wp-json\/wp\/v2\/product_cat?post=7031"},{"taxonomy":"product_tag","embeddable":true,"href":"https:\/\/eam-scientific.com\/de\/wp-json\/wp\/v2\/product_tag?post=7031"}],"curies":[{"name":"wp","href":"https:\/\/api.w.org\/{rel}","templated":true}]}}