{"id":7050,"date":"2024-06-20T15:25:41","date_gmt":"2024-06-20T13:25:41","guid":{"rendered":"https:\/\/eam-scientific.com\/?post_type=product&#038;p=7050"},"modified":"2024-06-28T10:29:00","modified_gmt":"2024-06-28T08:29:00","slug":"ec-hplc-saeule-analytisch-nucleodex-beta-oh-5-%c2%b5m-200x4-mm","status":"publish","type":"product","link":"https:\/\/eam-scientific.com\/de\/produkt\/ec-hplc-saeule-analytisch-nucleodex-beta-oh-5-%c2%b5m-200x4-mm\/","title":{"rendered":"EC HPLC-S\u00e4ule (analytisch), NUCLEODEX BETA-OH, 5 \u00b5m, 200&#215;4 mm"},"content":{"rendered":"<p>Cyclodextrin-modifizierte Kieselgelphasen f\u00fcr die HPLC-Enantiomerentrennung. Trennung basierend auf Wasserstoffbr\u00fcckenbindungen und Dipol-Wechselwirkungen zwischen funktionellen Gruppen des Analyten und der Hydroxylgruppen des Cyclodextrins. F\u00fcr Verbindungen, die freie Hydroxylgruppen f\u00fcr enantioselektive Wechselwirkungen ben\u00f6tigen.<\/p>\n","protected":false},"excerpt":{"rendered":"<p>Cyclodextrin-modifizierte Kieselgelphasen f\u00fcr die HPLC-Enantiomerentrennung. Trennung basierend auf Wasserstoffbr\u00fcckenbindungen und Dipol-Wechselwirkungen zwischen funktionellen Gruppen des Analyten und der Hydroxylgruppen des Cyclodextrins. F\u00fcr Verbindungen, die freie Hydroxylgruppen f\u00fcr enantioselektive Wechselwirkungen ben\u00f6tigen.<\/p>\n","protected":false},"featured_media":7061,"comment_status":"open","ping_status":"closed","template":"","meta":[],"product_cat":[25,52,53],"product_tag":[],"class_list":{"0":"post-7050","1":"product","2":"type-product","3":"status-publish","4":"has-post-thumbnail","6":"product_cat-chromatographie","7":"product_cat-hplc-und-uhplc","8":"product_cat-hplc-und-uhplc-saeulen","10":"first","11":"instock","12":"shipping-taxable","13":"product-type-simple"},"_links":{"self":[{"href":"https:\/\/eam-scientific.com\/de\/wp-json\/wp\/v2\/product\/7050","targetHints":{"allow":["GET"]}}],"collection":[{"href":"https:\/\/eam-scientific.com\/de\/wp-json\/wp\/v2\/product"}],"about":[{"href":"https:\/\/eam-scientific.com\/de\/wp-json\/wp\/v2\/types\/product"}],"replies":[{"embeddable":true,"href":"https:\/\/eam-scientific.com\/de\/wp-json\/wp\/v2\/comments?post=7050"}],"wp:featuredmedia":[{"embeddable":true,"href":"https:\/\/eam-scientific.com\/de\/wp-json\/wp\/v2\/media\/7061"}],"wp:attachment":[{"href":"https:\/\/eam-scientific.com\/de\/wp-json\/wp\/v2\/media?parent=7050"}],"wp:term":[{"taxonomy":"product_cat","embeddable":true,"href":"https:\/\/eam-scientific.com\/de\/wp-json\/wp\/v2\/product_cat?post=7050"},{"taxonomy":"product_tag","embeddable":true,"href":"https:\/\/eam-scientific.com\/de\/wp-json\/wp\/v2\/product_tag?post=7050"}],"curies":[{"name":"wp","href":"https:\/\/api.w.org\/{rel}","templated":true}]}}