{"id":7053,"date":"2024-06-20T15:25:41","date_gmt":"2024-06-20T13:25:41","guid":{"rendered":"https:\/\/eam-scientific.com\/?post_type=product&#038;p=7053"},"modified":"2024-06-28T10:29:00","modified_gmt":"2024-06-28T08:29:00","slug":"ec-hplc-saeule-analytisch-nucleosil-chiral-3-5-%c2%b5m-250x4-mm","status":"publish","type":"product","link":"https:\/\/eam-scientific.com\/de\/produkt\/ec-hplc-saeule-analytisch-nucleosil-chiral-3-5-%c2%b5m-250x4-mm\/","title":{"rendered":"EC HPLC-S\u00e4ule (analytisch), NUCLEOSIL CHIRAL-3, 5 \u00b5m, 250&#215;4 mm"},"content":{"rendered":"<p>Kieselgel-basierte Phase f\u00fcr die HPLC-Enantiomerentrennung. Prinzipielle Interaktionsmodi &#8211; Charge-Transfer-Wechselwirkungen, Wasserstoffbr\u00fccken, Dipol-Dipol-Wechselwirkungen und sterische Effekte. Zur Kontrolle der optischen Reinheit einer Substanz erm\u00f6glichen die beiden S\u00e4ulen NUCLEOSIL CHIRAL-2 und NUCLEOSIL CHIRAL-3 die Auswahl von Bedingungen, unter denen das in geringeren Konzentrationen als Verunreinigung vorliegende Enantiomer, vor dem Hauptpeak eluiert wird. Dadurch werden \u00fcberlappende Peaks vermieden und eine genaue Quantifizierung der Verunreinigung wird erleichtert. Basierend auf dem original NUCLEOSIL Kieselgel. Dies ist eine der ersten sph\u00e4rischen Kieselgele f\u00fcr die HPLC und wurde 1974 von MACHEREY-NAGEL entwickelt. Es wird ausschlie\u00dflich in Deutschland hergestellt und ist nach wie vor eines der am h\u00e4ufigsten verwendeten HPLC-Kieselgele in der Qualit\u00e4tskontrolle weltweit.<\/p>\n","protected":false},"excerpt":{"rendered":"<p>Kieselgel-basierte Phase f\u00fcr die HPLC-Enantiomerentrennung. Prinzipielle Interaktionsmodi &#8211; Charge-Transfer-Wechselwirkungen, Wasserstoffbr\u00fccken, Dipol-Dipol-Wechselwirkungen und sterische Effekte. Zur Kontrolle der optischen Reinheit einer Substanz erm\u00f6glichen die beiden S\u00e4ulen NUCLEOSIL CHIRAL-2 und NUCLEOSIL CHIRAL-3 die Auswahl von Bedingungen, unter denen das in geringeren Konzentrationen als Verunreinigung vorliegende Enantiomer, vor dem Hauptpeak eluiert wird. Dadurch werden \u00fcberlappende Peaks vermieden und [&hellip;]<\/p>\n","protected":false},"featured_media":7064,"comment_status":"open","ping_status":"closed","template":"","meta":[],"product_cat":[25,52,53],"product_tag":[],"class_list":{"0":"post-7053","1":"product","2":"type-product","3":"status-publish","4":"has-post-thumbnail","6":"product_cat-chromatographie","7":"product_cat-hplc-und-uhplc","8":"product_cat-hplc-und-uhplc-saeulen","10":"first","11":"instock","12":"shipping-taxable","13":"product-type-simple"},"_links":{"self":[{"href":"https:\/\/eam-scientific.com\/de\/wp-json\/wp\/v2\/product\/7053","targetHints":{"allow":["GET"]}}],"collection":[{"href":"https:\/\/eam-scientific.com\/de\/wp-json\/wp\/v2\/product"}],"about":[{"href":"https:\/\/eam-scientific.com\/de\/wp-json\/wp\/v2\/types\/product"}],"replies":[{"embeddable":true,"href":"https:\/\/eam-scientific.com\/de\/wp-json\/wp\/v2\/comments?post=7053"}],"wp:featuredmedia":[{"embeddable":true,"href":"https:\/\/eam-scientific.com\/de\/wp-json\/wp\/v2\/media\/7064"}],"wp:attachment":[{"href":"https:\/\/eam-scientific.com\/de\/wp-json\/wp\/v2\/media?parent=7053"}],"wp:term":[{"taxonomy":"product_cat","embeddable":true,"href":"https:\/\/eam-scientific.com\/de\/wp-json\/wp\/v2\/product_cat?post=7053"},{"taxonomy":"product_tag","embeddable":true,"href":"https:\/\/eam-scientific.com\/de\/wp-json\/wp\/v2\/product_tag?post=7053"}],"curies":[{"name":"wp","href":"https:\/\/api.w.org\/{rel}","templated":true}]}}