{"id":7101,"date":"2024-06-20T15:26:05","date_gmt":"2024-06-20T13:26:05","guid":{"rendered":"https:\/\/eam-scientific.com\/?post_type=product&#038;p=7101"},"modified":"2024-06-28T10:29:23","modified_gmt":"2024-06-28T08:29:23","slug":"ec-hplc-saeule-analytisch-nucleosil-100-10-c18-10-%c2%b5m-200x4-mm","status":"publish","type":"product","link":"https:\/\/eam-scientific.com\/de\/produkt\/ec-hplc-saeule-analytisch-nucleosil-100-10-c18-10-%c2%b5m-200x4-mm\/","title":{"rendered":"EC HPLC-S\u00e4ule (analytisch), NUCLEOSIL 100-10 C18, 10 \u00b5m, 200&#215;4,6 mm"},"content":{"rendered":"<p>Diese HPLC-S\u00e4ule ist mit einer endcapped C18-(ODS, Octadecylsilyl)-Modifizierung gepackt. Basiert auf dem original NUCLEOSIL Kieslegel, welches eines der ersten sph\u00e4rischen Kieselgele f\u00fcr die HPLC ist. Es wurde 1974 von MACHEREY-NAGEL entwickelt. Es wird ausschlie\u00dflich in Deutschland hergestellt und ist nach wie vor eines der am h\u00e4ufigsten verwendeten HPLC-Kieselgele in der Qualit\u00e4tskontrolle weltweit. <\/p>\n","protected":false},"excerpt":{"rendered":"<p>Diese HPLC-S\u00e4ule ist mit einer endcapped C18-(ODS, Octadecylsilyl)-Modifizierung gepackt. Basiert auf dem original NUCLEOSIL Kieslegel, welches eines der ersten sph\u00e4rischen Kieselgele f\u00fcr die HPLC ist. Es wurde 1974 von MACHEREY-NAGEL entwickelt. Es wird ausschlie\u00dflich in Deutschland hergestellt und ist nach wie vor eines der am h\u00e4ufigsten verwendeten HPLC-Kieselgele in der Qualit\u00e4tskontrolle weltweit.<\/p>\n","protected":false},"featured_media":17916,"comment_status":"open","ping_status":"closed","template":"","meta":[],"product_cat":[25,52,53],"product_tag":[],"class_list":{"0":"post-7101","1":"product","2":"type-product","3":"status-publish","4":"has-post-thumbnail","6":"product_cat-chromatographie","7":"product_cat-hplc-und-uhplc","8":"product_cat-hplc-und-uhplc-saeulen","10":"first","11":"instock","12":"shipping-taxable","13":"product-type-simple"},"_links":{"self":[{"href":"https:\/\/eam-scientific.com\/de\/wp-json\/wp\/v2\/product\/7101","targetHints":{"allow":["GET"]}}],"collection":[{"href":"https:\/\/eam-scientific.com\/de\/wp-json\/wp\/v2\/product"}],"about":[{"href":"https:\/\/eam-scientific.com\/de\/wp-json\/wp\/v2\/types\/product"}],"replies":[{"embeddable":true,"href":"https:\/\/eam-scientific.com\/de\/wp-json\/wp\/v2\/comments?post=7101"}],"wp:featuredmedia":[{"embeddable":true,"href":"https:\/\/eam-scientific.com\/de\/wp-json\/wp\/v2\/media\/17916"}],"wp:attachment":[{"href":"https:\/\/eam-scientific.com\/de\/wp-json\/wp\/v2\/media?parent=7101"}],"wp:term":[{"taxonomy":"product_cat","embeddable":true,"href":"https:\/\/eam-scientific.com\/de\/wp-json\/wp\/v2\/product_cat?post=7101"},{"taxonomy":"product_tag","embeddable":true,"href":"https:\/\/eam-scientific.com\/de\/wp-json\/wp\/v2\/product_tag?post=7101"}],"curies":[{"name":"wp","href":"https:\/\/api.w.org\/{rel}","templated":true}]}}