{"id":7166,"date":"2024-06-20T15:26:43","date_gmt":"2024-06-20T13:26:43","guid":{"rendered":"https:\/\/eam-scientific.com\/?post_type=product&#038;p=7166"},"modified":"2024-06-20T15:26:44","modified_gmt":"2024-06-20T13:26:44","slug":"ec-hplc-saeule-analytisch-resolvosil-bsa-7-7-%c2%b5m-150x4-mm","status":"publish","type":"product","link":"https:\/\/eam-scientific.com\/de\/produkt\/ec-hplc-saeule-analytisch-resolvosil-bsa-7-7-%c2%b5m-150x4-mm\/","title":{"rendered":"EC HPLC-S\u00e4ule (analytisch), RESOLVOSIL BSA-7, 7 \u00b5m, 150&#215;4 mm"},"content":{"rendered":"<p>Proteinphase auf Kieselgelbasis f\u00fcr die HPLC-Enantiomerentrennung. Trennung basierend auf der selektiven Wechselwirkungen von Proteinen mit niedermolekularen Verbindungen, d. h. dem Prinzip der Bioaffinit\u00e4t, einschlie\u00dflich hydrophober Wechselwirkungen (\u00e4hnlich einer echten Umkehrphase), Wechselwirkungen von polaren Gruppen und sterischer Effekte.<\/p>\n","protected":false},"excerpt":{"rendered":"<p>Proteinphase auf Kieselgelbasis f\u00fcr die HPLC-Enantiomerentrennung. Trennung basierend auf der selektiven Wechselwirkungen von Proteinen mit niedermolekularen Verbindungen, d. h. dem Prinzip der Bioaffinit\u00e4t, einschlie\u00dflich hydrophober Wechselwirkungen (\u00e4hnlich einer echten Umkehrphase), Wechselwirkungen von polaren Gruppen und sterischer Effekte.<\/p>\n","protected":false},"featured_media":7172,"comment_status":"open","ping_status":"closed","template":"","meta":[],"product_cat":[25,52,53],"product_tag":[],"class_list":{"0":"post-7166","1":"product","2":"type-product","3":"status-publish","4":"has-post-thumbnail","6":"product_cat-chromatographie","7":"product_cat-hplc-und-uhplc","8":"product_cat-hplc-und-uhplc-saeulen","10":"first","11":"instock","12":"shipping-taxable","13":"product-type-simple"},"_links":{"self":[{"href":"https:\/\/eam-scientific.com\/de\/wp-json\/wp\/v2\/product\/7166","targetHints":{"allow":["GET"]}}],"collection":[{"href":"https:\/\/eam-scientific.com\/de\/wp-json\/wp\/v2\/product"}],"about":[{"href":"https:\/\/eam-scientific.com\/de\/wp-json\/wp\/v2\/types\/product"}],"replies":[{"embeddable":true,"href":"https:\/\/eam-scientific.com\/de\/wp-json\/wp\/v2\/comments?post=7166"}],"wp:featuredmedia":[{"embeddable":true,"href":"https:\/\/eam-scientific.com\/de\/wp-json\/wp\/v2\/media\/7172"}],"wp:attachment":[{"href":"https:\/\/eam-scientific.com\/de\/wp-json\/wp\/v2\/media?parent=7166"}],"wp:term":[{"taxonomy":"product_cat","embeddable":true,"href":"https:\/\/eam-scientific.com\/de\/wp-json\/wp\/v2\/product_cat?post=7166"},{"taxonomy":"product_tag","embeddable":true,"href":"https:\/\/eam-scientific.com\/de\/wp-json\/wp\/v2\/product_tag?post=7166"}],"curies":[{"name":"wp","href":"https:\/\/api.w.org\/{rel}","templated":true}]}}