{"id":7188,"date":"2024-06-20T15:26:49","date_gmt":"2024-06-20T13:26:49","guid":{"rendered":"https:\/\/eam-scientific.com\/?post_type=product&#038;p=7188"},"modified":"2024-06-20T15:26:58","modified_gmt":"2024-06-20T13:26:58","slug":"ec-hplc-saeule-analytisch-nucleodur-pfas-delay-5-%c2%b5m-50x2-mm","status":"publish","type":"product","link":"https:\/\/eam-scientific.com\/de\/produkt\/ec-hplc-saeule-analytisch-nucleodur-pfas-delay-5-%c2%b5m-50x2-mm\/","title":{"rendered":"EC HPLC-S\u00e4ule (analytisch), NUCLEODUR PFAS Delay, 5 \u00b5m, 50&#215;2 mm"},"content":{"rendered":"<p>NUCLEODUR PFAS Delay S\u00e4ulen fangen systembedingte PFAS-Kontaminationen ab und verz\u00f6gern sie dadurch, wodurch die Analyse von PFAS in Ihren Proben im Spurenbereich gew\u00e4hrleistet wird. Diese HPLC-Phase besteht aus hochreinem NUCLEODUR HPLC-Kieselgel und ist extensiv endgekappt. Aufgrund eines geringen Blutungsverhaltens sind diese S\u00e4ulen f\u00fcr hochempfindliche LC\/MS-Analyse geeignet.<\/p>\n","protected":false},"excerpt":{"rendered":"<p>NUCLEODUR PFAS Delay S\u00e4ulen fangen systembedingte PFAS-Kontaminationen ab und verz\u00f6gern sie dadurch, wodurch die Analyse von PFAS in Ihren Proben im Spurenbereich gew\u00e4hrleistet wird. Diese HPLC-Phase besteht aus hochreinem NUCLEODUR HPLC-Kieselgel und ist extensiv endgekappt. Aufgrund eines geringen Blutungsverhaltens sind diese S\u00e4ulen f\u00fcr hochempfindliche LC\/MS-Analyse geeignet.<\/p>\n","protected":false},"featured_media":7199,"comment_status":"open","ping_status":"closed","template":"","meta":[],"product_cat":[25,52,53],"product_tag":[],"class_list":{"0":"post-7188","1":"product","2":"type-product","3":"status-publish","4":"has-post-thumbnail","6":"product_cat-chromatographie","7":"product_cat-hplc-und-uhplc","8":"product_cat-hplc-und-uhplc-saeulen","10":"first","11":"instock","12":"shipping-taxable","13":"product-type-simple"},"_links":{"self":[{"href":"https:\/\/eam-scientific.com\/de\/wp-json\/wp\/v2\/product\/7188","targetHints":{"allow":["GET"]}}],"collection":[{"href":"https:\/\/eam-scientific.com\/de\/wp-json\/wp\/v2\/product"}],"about":[{"href":"https:\/\/eam-scientific.com\/de\/wp-json\/wp\/v2\/types\/product"}],"replies":[{"embeddable":true,"href":"https:\/\/eam-scientific.com\/de\/wp-json\/wp\/v2\/comments?post=7188"}],"wp:featuredmedia":[{"embeddable":true,"href":"https:\/\/eam-scientific.com\/de\/wp-json\/wp\/v2\/media\/7199"}],"wp:attachment":[{"href":"https:\/\/eam-scientific.com\/de\/wp-json\/wp\/v2\/media?parent=7188"}],"wp:term":[{"taxonomy":"product_cat","embeddable":true,"href":"https:\/\/eam-scientific.com\/de\/wp-json\/wp\/v2\/product_cat?post=7188"},{"taxonomy":"product_tag","embeddable":true,"href":"https:\/\/eam-scientific.com\/de\/wp-json\/wp\/v2\/product_tag?post=7188"}],"curies":[{"name":"wp","href":"https:\/\/api.w.org\/{rel}","templated":true}]}}