{"id":7201,"date":"2024-06-20T15:26:58","date_gmt":"2024-06-20T13:26:58","guid":{"rendered":"https:\/\/eam-scientific.com\/?post_type=product&#038;p=7201"},"modified":"2024-06-20T15:27:00","modified_gmt":"2024-06-20T13:27:00","slug":"ec-hplc-saeule-analytisch-nucleosil-100-5-nch%e2%82%83%e2%82%82-5-%c2%b5m-250x46-mm","status":"publish","type":"product","link":"https:\/\/eam-scientific.com\/de\/produkt\/ec-hplc-saeule-analytisch-nucleosil-100-5-nch%e2%82%83%e2%82%82-5-%c2%b5m-250x46-mm\/","title":{"rendered":"EC HPLC-S\u00e4ule (analytisch), NUCLEOSIL 100-5 N(CH\u2083)\u2082, 5 \u00b5m, 250&#215;4,6 mm"},"content":{"rendered":"<p>Dimethylamino-HPLC-S\u00e4ulen mit schwach basischem Anionenaustauscher f\u00fcr die Trennung zahlreicher Anionen. Basierend auf dem original NUCLEOSIL Kieselgel. Dies ist eine der ersten sph\u00e4rischen Kieselgele f\u00fcr die HPLC und wurde 1974 von MACHEREY-NAGEL entwickelt. Es wird ausschlie\u00dflich in Deutschland hergestellt und ist nach wie vor eines der am h\u00e4ufigsten verwendeten HPLC-Kieselgele in der Qualit\u00e4tskontrolle weltweit.<\/p>\n","protected":false},"excerpt":{"rendered":"<p>Dimethylamino-HPLC-S\u00e4ulen mit schwach basischem Anionenaustauscher f\u00fcr die Trennung zahlreicher Anionen. Basierend auf dem original NUCLEOSIL Kieselgel. Dies ist eine der ersten sph\u00e4rischen Kieselgele f\u00fcr die HPLC und wurde 1974 von MACHEREY-NAGEL entwickelt. Es wird ausschlie\u00dflich in Deutschland hergestellt und ist nach wie vor eines der am h\u00e4ufigsten verwendeten HPLC-Kieselgele in der Qualit\u00e4tskontrolle weltweit.<\/p>\n","protected":false},"featured_media":7212,"comment_status":"open","ping_status":"closed","template":"","meta":[],"product_cat":[25,52,53],"product_tag":[],"class_list":{"0":"post-7201","1":"product","2":"type-product","3":"status-publish","4":"has-post-thumbnail","6":"product_cat-chromatographie","7":"product_cat-hplc-und-uhplc","8":"product_cat-hplc-und-uhplc-saeulen","10":"first","11":"instock","12":"shipping-taxable","13":"product-type-simple"},"_links":{"self":[{"href":"https:\/\/eam-scientific.com\/de\/wp-json\/wp\/v2\/product\/7201","targetHints":{"allow":["GET"]}}],"collection":[{"href":"https:\/\/eam-scientific.com\/de\/wp-json\/wp\/v2\/product"}],"about":[{"href":"https:\/\/eam-scientific.com\/de\/wp-json\/wp\/v2\/types\/product"}],"replies":[{"embeddable":true,"href":"https:\/\/eam-scientific.com\/de\/wp-json\/wp\/v2\/comments?post=7201"}],"wp:featuredmedia":[{"embeddable":true,"href":"https:\/\/eam-scientific.com\/de\/wp-json\/wp\/v2\/media\/7212"}],"wp:attachment":[{"href":"https:\/\/eam-scientific.com\/de\/wp-json\/wp\/v2\/media?parent=7201"}],"wp:term":[{"taxonomy":"product_cat","embeddable":true,"href":"https:\/\/eam-scientific.com\/de\/wp-json\/wp\/v2\/product_cat?post=7201"},{"taxonomy":"product_tag","embeddable":true,"href":"https:\/\/eam-scientific.com\/de\/wp-json\/wp\/v2\/product_tag?post=7201"}],"curies":[{"name":"wp","href":"https:\/\/api.w.org\/{rel}","templated":true}]}}